{"id":724,"date":"2023-10-05T11:14:35","date_gmt":"2023-10-05T11:14:35","guid":{"rendered":"https:\/\/helicca.com\/talento\/"},"modified":"2025-04-12T08:09:55","modified_gmt":"2025-04-12T08:09:55","slug":"talento","status":"publish","type":"page","link":"https:\/\/helicca.com\/en\/talento\/","title":{"rendered":"Talento"},"content":{"rendered":"<div id='av-layout-grid-1'  class='av-layout-grid-container av-57lwd-73088756fe3af14edc699fb878e312ea entry-content-wrapper main_color av-flex-cells  avia-builder-el-0  avia-builder-el-no-sibling  av-cell-min-height av-cell-min-height-100  container_wrap sidebar_right'   data-av_minimum_height_pc='100'>\n\n<style type=\"text\/css\" data-created_by=\"avia_inline_auto\" id=\"style-css-av-4gwmt-0378e334ae702b75eaa0ce42fd67aa0d\">\n.flex_cell.av-4gwmt-0378e334ae702b75eaa0ce42fd67aa0d{\nvertical-align:middle;\n}\n.responsive #top #wrap_all .flex_cell.av-4gwmt-0378e334ae702b75eaa0ce42fd67aa0d{\npadding:50px 50px 50px 50px !important;\n}\n<\/style>\n<div class='flex_cell av-4gwmt-0378e334ae702b75eaa0ce42fd67aa0d av-gridrow-cell av_two_fifth no_margin  avia-builder-el-1  el_before_av_cell_three_fifth  avia-builder-el-first  content-align-middle'  ><div class='flex_cell_inner'><section  class='av_textblock_section av-3kgf9-0fa2e1689321a9555d5bbf713bf05c49 '   itemscope=\"itemscope\" itemtype=\"https:\/\/schema.org\/CreativeWork\" ><div class='avia_textblock'  itemprop=\"text\" ><h1 class=\"p1\"><span class=\"s1\">Nuestra pasi\u00f3n se basa en cuatro principios:<\/span><\/h1>\n\n<style type=\"text\/css\" data-created_by=\"avia_inline_auto\" id=\"style-css-av-qzst-9dc21fa224c58a7f752257c5822d051c\">\n#top .hr.hr-invisible.av-qzst-9dc21fa224c58a7f752257c5822d051c{\nheight:30px;\n}\n<\/style>\n<div  class='hr av-qzst-9dc21fa224c58a7f752257c5822d051c hr-invisible  avia-builder-el-3  avia-builder-el-no-sibling '><span class='hr-inner '><span class=\"hr-inner-style\"><\/span><\/span><\/div>\n<ul class=\"ul1\">\n<li class=\"li1\"><span class=\"s2\">Entendemos la complejidad para simplificar soluciones que impulsen entornos regenerativos, pr\u00f3speros y libres, con un enfoque pragm\u00e1tico y esencial.<br \/>\n<\/span><\/li>\n<li class=\"li1\"><span class=\"s2\">Creemos en el poder del trabajo met\u00f3dico y compartido, regenerando negocios codo a codo con los equipos.<br \/>\n<\/span><\/li>\n<li class=\"li1\"><span class=\"s2\">Cocreamos innovaci\u00f3n comprometida, m\u00e1s all\u00e1 de normativas o sellos, es clave para un impacto real y medible.<br \/>\n<\/span><\/li>\n<li class=\"li1\"><span class=\"s2\">Apostamos por la participaci\u00f3n transversal \u2014direcci\u00f3n, operaci\u00f3n y asesor\u00eda\u2014 en procesos de diagn\u00f3stico, formulaci\u00f3n e implementaci\u00f3n.<br \/>\n<\/span><\/li>\n<\/ul>\n<\/div><\/section><br \/>\n\n<style type=\"text\/css\" data-created_by=\"avia_inline_auto\" id=\"style-css-av-2wk09-812edb9571325a49a4855a379458b6b7\">\n#top .hr.hr-invisible.av-2wk09-812edb9571325a49a4855a379458b6b7{\nheight:40px;\n}\n<\/style>\n<div  class='hr av-2wk09-812edb9571325a49a4855a379458b6b7 hr-invisible  avia-builder-el-4  el_after_av_textblock  el_before_av_textblock '><span class='hr-inner '><span class=\"hr-inner-style\"><\/span><\/span><\/div><br \/>\n<section  class='av_textblock_section av-1x0at-c3a16654b0a600bec2d0ced6b16a348c '   itemscope=\"itemscope\" itemtype=\"https:\/\/schema.org\/CreativeWork\" ><div class='avia_textblock av_inherit_color'  itemprop=\"text\" ><h5><span class=\"s1\"><strong>\u00danete a nosotros\u2028<\/strong><\/span><\/h5>\n<p><span class=\"s2\">Si compartes nuestra visi\u00f3n, experiencia y est\u00e1s listo para transformar lo que ya no sirve, este es tu espacio.\u00a0Construyamos juntos futuros regenerativos.\u00a0<\/span><\/p>\n<h3 class=\"p1\"><strong><span class=\"s1\">Regeneraci\u00f3n de negocios, Negocios regeneraci\u00f3n.<\/span><\/strong><\/h3>\n<\/div><\/section><br \/>\n<section  class='av_textblock_section av-1nlc1-07a161013e85e2073dd4100eeaa8138a '   itemscope=\"itemscope\" itemtype=\"https:\/\/schema.org\/CreativeWork\" ><div class='avia_textblock'  itemprop=\"text\" ><p class=\"p1\"><span class=\"s1\">\u00bfEres experto y quieres unirte? <\/span><span class=\"s1\">Escr\u00edbenos a: <\/span><a href=\"mailto:info@helicca.com\"><span style=\"text-decoration: underline;\"> info@helicca.com<\/span><\/a><\/p>\n<\/div><\/section><\/p>\n<\/div><\/div>\n<style type=\"text\/css\" data-created_by=\"avia_inline_auto\" id=\"style-css-av-box-2da15b1ca34d097e6f997631227e1f70\">\n.flex_cell.av-box-2da15b1ca34d097e6f997631227e1f70{\nvertical-align:middle;\nbackground:url(https:\/\/helicca.com\/wp-content\/uploads\/2023\/10\/RE_Generation_Wallpaper_Girado.png) 0% 0% no-repeat scroll ;\n}\n.responsive #top #wrap_all .flex_cell.av-box-2da15b1ca34d097e6f997631227e1f70{\npadding:100px 0 100px 0 !important;\n}\n<\/style>\n<div class='flex_cell av-box-2da15b1ca34d097e6f997631227e1f70 av-gridrow-cell av_three_fifth no_margin  avia-builder-el-7  el_after_av_cell_two_fifth  avia-builder-el-last  content-align-middle avia-full-stretch'  ><div class='flex_cell_inner'><\/div><\/div><\/div>\n","protected":false},"excerpt":{"rendered":"","protected":false},"author":1,"featured_media":669,"parent":0,"menu_order":0,"comment_status":"closed","ping_status":"closed","template":"","meta":{"footnotes":""},"class_list":["post-724","page","type-page","status-publish","has-post-thumbnail","hentry"],"_links":{"self":[{"href":"https:\/\/helicca.com\/en\/wp-json\/wp\/v2\/pages\/724","targetHints":{"allow":["GET"]}}],"collection":[{"href":"https:\/\/helicca.com\/en\/wp-json\/wp\/v2\/pages"}],"about":[{"href":"https:\/\/helicca.com\/en\/wp-json\/wp\/v2\/types\/page"}],"author":[{"embeddable":true,"href":"https:\/\/helicca.com\/en\/wp-json\/wp\/v2\/users\/1"}],"replies":[{"embeddable":true,"href":"https:\/\/helicca.com\/en\/wp-json\/wp\/v2\/comments?post=724"}],"version-history":[{"count":5,"href":"https:\/\/helicca.com\/en\/wp-json\/wp\/v2\/pages\/724\/revisions"}],"predecessor-version":[{"id":755,"href":"https:\/\/helicca.com\/en\/wp-json\/wp\/v2\/pages\/724\/revisions\/755"}],"wp:featuredmedia":[{"embeddable":true,"href":"https:\/\/helicca.com\/en\/wp-json\/wp\/v2\/media\/669"}],"wp:attachment":[{"href":"https:\/\/helicca.com\/en\/wp-json\/wp\/v2\/media?parent=724"}],"curies":[{"name":"wp","href":"https:\/\/api.w.org\/{rel}","templated":true}]}}