{"id":1081,"date":"2025-04-12T08:11:03","date_gmt":"2025-04-12T08:11:03","guid":{"rendered":"https:\/\/helicca.com\/talento\/"},"modified":"2025-04-14T16:14:28","modified_gmt":"2025-04-14T16:14:28","slug":"talento","status":"publish","type":"page","link":"https:\/\/helicca.com\/pt-pt\/talento\/","title":{"rendered":"Talento"},"content":{"rendered":"<div id='av-layout-grid-1'  class='av-layout-grid-container av-513vi-1ef9da8fa0e639a0a279a0361ed143e1 entry-content-wrapper main_color av-flex-cells  avia-builder-el-0  avia-builder-el-no-sibling  av-cell-min-height av-cell-min-height-100  container_wrap sidebar_right'   data-av_minimum_height_pc='100'>\n\n<style type=\"text\/css\" data-created_by=\"avia_inline_auto\" id=\"style-css-av-1adhny-9b4907810fdb10f2db8d73c8c46e647e\">\n.flex_cell.av-1adhny-9b4907810fdb10f2db8d73c8c46e647e{\nvertical-align:middle;\n}\n.responsive #top #wrap_all .flex_cell.av-1adhny-9b4907810fdb10f2db8d73c8c46e647e{\npadding:50px 50px 50px 50px !important;\n}\n<\/style>\n<div class='flex_cell av-1adhny-9b4907810fdb10f2db8d73c8c46e647e av-gridrow-cell av_three_fifth no_margin  avia-builder-el-1  el_before_av_cell_two_fifth  avia-builder-el-first  content-align-middle'  ><div class='flex_cell_inner'><section  class='av_textblock_section av-13ishq-21a48d55ffe46df8f9b5997cfa7014b3 '   itemscope=\"itemscope\" itemtype=\"https:\/\/schema.org\/CreativeWork\" ><div class='avia_textblock'  itemprop=\"text\" ><h1 class=\"p1\"><span class=\"s1\">A nossa paix\u00e3o assenta em quatro princ\u00edpios:<\/span><\/h1>\n\n<style type=\"text\/css\" data-created_by=\"avia_inline_auto\" id=\"style-css-av-w8lg6-3f275f12b0c237deaf7e4bc1bde0bd56\">\n#top .hr.hr-invisible.av-w8lg6-3f275f12b0c237deaf7e4bc1bde0bd56{\nheight:30px;\n}\n<\/style>\n<div  class='hr av-w8lg6-3f275f12b0c237deaf7e4bc1bde0bd56 hr-invisible  avia-builder-el-3  avia-builder-el-no-sibling '><span class='hr-inner '><span class=\"hr-inner-style\"><\/span><\/span><\/div>\n<ul class=\"ul1\">\n<li class=\"li1\"><span class=\"s2\">Entendemos a complexidade para criar solu\u00e7\u00f5es simples que promovam ambientes regenerativos, pr\u00f3speros e livres, com um enfoque pragm\u00e1tico e essencial.<\/span><\/li>\n<li class=\"li1\"><span class=\"s2\">Acreditamos no poder do trabalho met\u00f3dico e partilhado, regenerando neg\u00f3cios lado a lado com as equipas.<\/span><\/li>\n<li class=\"li1\"><span class=\"s2\">Cocriamos inova\u00e7\u00e3o comprometida, que vai al\u00e9m das normas \u2014 com impacto real e mensur\u00e1vel.<\/span><\/li>\n<li class=\"li1\"><span class=\"s2\">Apostamos na participa\u00e7\u00e3o transversal \u2014 dire\u00e7\u00e3o, opera\u00e7\u00e3o e consultoria \u2014 em processos de diagn\u00f3stico, formula\u00e7\u00e3o e implementa\u00e7\u00e3o.<\/span><\/li>\n<\/ul>\n<\/div><\/section><br \/>\n\n<style type=\"text\/css\" data-created_by=\"avia_inline_auto\" id=\"style-css-av-pl6me-f00c59921ca41bc45567084b59165d1f\">\n#top .hr.hr-invisible.av-pl6me-f00c59921ca41bc45567084b59165d1f{\nheight:40px;\n}\n<\/style>\n<div  class='hr av-pl6me-f00c59921ca41bc45567084b59165d1f hr-invisible  avia-builder-el-4  el_after_av_textblock  el_before_av_textblock '><span class='hr-inner '><span class=\"hr-inner-style\"><\/span><\/span><\/div><br \/>\n<section  class='av_textblock_section av-mz7wm-9ec34ded82a60ba816ae635a5197569d '   itemscope=\"itemscope\" itemtype=\"https:\/\/schema.org\/CreativeWork\" ><div class='avia_textblock av_inherit_color'  itemprop=\"text\" ><h5><span class=\"s1\"><strong>Junta-se a n\u00f3s<\/strong><\/span><\/h5>\n<p><span class=\"s2\">Se partilha a nossa vis\u00e3o e tem experi\u00eancia, esperamos por si. Vamos construir juntos futuros regenerativos. <\/span><\/p>\n<h3 class=\"p1\"><strong><span class=\"s1\">A regenera\u00e7\u00e3o de neg\u00f3cios e neg\u00f3cios para a regenera\u00e7\u00e3o.<\/span><\/strong><\/h3>\n<\/div><\/section><br \/>\n<section  class='av_textblock_section av-gsixi-5b30daebb0ec8a59b17b4c56855fe287 '   itemscope=\"itemscope\" itemtype=\"https:\/\/schema.org\/CreativeWork\" ><div class='avia_textblock'  itemprop=\"text\" ><p>Quer juntar-se a n\u00f3s? Escreva para: <a href=\"mailto:info@helicca.com\"><span style=\"text-decoration: underline;\">info@helicca.com<\/span><\/a><\/p>\n<\/div><\/section><\/p>\n<\/div><\/div>\n<style type=\"text\/css\" data-created_by=\"avia_inline_auto\" id=\"style-css-av-am0we-6767883fdafdf464a126d05db7e6edc0\">\n.flex_cell.av-am0we-6767883fdafdf464a126d05db7e6edc0{\nvertical-align:middle;\nbackground:url(https:\/\/helicca.com\/wp-content\/uploads\/2023\/10\/RE_Generation_Wallpaper_Girado.png) 0% 0% no-repeat scroll ;\n}\n.responsive #top #wrap_all .flex_cell.av-am0we-6767883fdafdf464a126d05db7e6edc0{\npadding:100px 0 100px 0 !important;\n}\n<\/style>\n<div class='flex_cell av-am0we-6767883fdafdf464a126d05db7e6edc0 av-gridrow-cell av_two_fifth no_margin  avia-builder-el-7  el_after_av_cell_three_fifth  avia-builder-el-last  content-align-middle avia-full-stretch'  ><div class='flex_cell_inner'><\/div><\/div><\/div>\n","protected":false},"excerpt":{"rendered":"","protected":false},"author":1,"featured_media":0,"parent":0,"menu_order":0,"comment_status":"closed","ping_status":"closed","template":"","meta":{"footnotes":""},"class_list":["post-1081","page","type-page","status-publish","hentry"],"_links":{"self":[{"href":"https:\/\/helicca.com\/pt-pt\/wp-json\/wp\/v2\/pages\/1081","targetHints":{"allow":["GET"]}}],"collection":[{"href":"https:\/\/helicca.com\/pt-pt\/wp-json\/wp\/v2\/pages"}],"about":[{"href":"https:\/\/helicca.com\/pt-pt\/wp-json\/wp\/v2\/types\/page"}],"author":[{"embeddable":true,"href":"https:\/\/helicca.com\/pt-pt\/wp-json\/wp\/v2\/users\/1"}],"replies":[{"embeddable":true,"href":"https:\/\/helicca.com\/pt-pt\/wp-json\/wp\/v2\/comments?post=1081"}],"version-history":[{"count":11,"href":"https:\/\/helicca.com\/pt-pt\/wp-json\/wp\/v2\/pages\/1081\/revisions"}],"predecessor-version":[{"id":1728,"href":"https:\/\/helicca.com\/pt-pt\/wp-json\/wp\/v2\/pages\/1081\/revisions\/1728"}],"wp:attachment":[{"href":"https:\/\/helicca.com\/pt-pt\/wp-json\/wp\/v2\/media?parent=1081"}],"curies":[{"name":"wp","href":"https:\/\/api.w.org\/{rel}","templated":true}]}}