{"id":1095,"date":"2023-10-05T11:15:26","date_gmt":"2023-10-05T11:15:26","guid":{"rendered":"https:\/\/helicca.com\/sobre-nosotros\/"},"modified":"2025-04-14T18:45:34","modified_gmt":"2025-04-14T18:45:34","slug":"sobre-nosotros","status":"publish","type":"page","link":"https:\/\/helicca.com\/pt-pt\/sobre-nosotros\/","title":{"rendered":"Sobre n\u00f3s"},"content":{"rendered":"<div id='av-layout-grid-1'  class='av-layout-grid-container av-1p3kz-a99cce4134e46b14d63aac943b099379 entry-content-wrapper main_color av-flex-cells  avia-builder-el-0  el_before_av_layout_row  avia-builder-el-first   container_wrap sidebar_right'  >\n\n<style type=\"text\/css\" data-created_by=\"avia_inline_auto\" id=\"style-css-av-qbyn-ff31fc6d1d9f9460d9628c200aa000dc\">\n.flex_cell.av-qbyn-ff31fc6d1d9f9460d9628c200aa000dc{\nvertical-align:top;\n}\n.responsive #top #wrap_all .flex_cell.av-qbyn-ff31fc6d1d9f9460d9628c200aa000dc{\npadding:40px 40px 40px 40px !important;\n}\n<\/style>\n<div class='flex_cell av-qbyn-ff31fc6d1d9f9460d9628c200aa000dc av-gridrow-cell av_one_fourth no_margin av-hide-on-mobile  avia-builder-el-1  el_before_av_cell_one_fourth  avia-builder-el-first  content-align-top'  ><div class='flex_cell_inner'><\/div><\/div>\n<style type=\"text\/css\" data-created_by=\"avia_inline_auto\" id=\"style-css-av-ptaf-55172e4c461b1a5748c6f715a1894d1e\">\n.flex_cell.av-ptaf-55172e4c461b1a5748c6f715a1894d1e{\nvertical-align:top;\n}\n<\/style>\n<div class='flex_cell av-ptaf-55172e4c461b1a5748c6f715a1894d1e av-gridrow-cell av_one_fourth no_margin  avia-builder-el-2  el_after_av_cell_one_fourth  el_before_av_cell_one_fourth  content-align-top'  ><div class='flex_cell_inner'><p>\n<style type=\"text\/css\" data-created_by=\"avia_inline_auto\" id=\"style-css-av-m9bcjkjm-9937f2f092f6e579d17aa7b18bca9bc5\">\n.avia-image-container.av-m9bcjkjm-9937f2f092f6e579d17aa7b18bca9bc5 img.avia_image{\nbox-shadow:none;\n}\n.avia-image-container.av-m9bcjkjm-9937f2f092f6e579d17aa7b18bca9bc5 .av-image-caption-overlay-center{\ncolor:#ffffff;\n}\n<\/style>\n<div  class='avia-image-container av-m9bcjkjm-9937f2f092f6e579d17aa7b18bca9bc5 av-styling- avia-align-center  avia-builder-el-3  el_before_av_textblock  avia-builder-el-first '   itemprop=\"image\" itemscope=\"itemscope\" itemtype=\"https:\/\/schema.org\/ImageObject\" ><div class=\"avia-image-container-inner\"><div class=\"avia-image-overlay-wrap\"><img decoding=\"async\" fetchpriority=\"high\" class='wp-image-710 avia-img-lazy-loading-not-710 avia_image ' src=\"https:\/\/helicca.com\/wp-content\/uploads\/2025\/04\/9.png\" alt='' title='Jaime Gross'  height=\"1080\" width=\"1080\"  itemprop=\"thumbnailUrl\" srcset=\"https:\/\/helicca.com\/wp-content\/uploads\/2025\/04\/9.png 1080w, https:\/\/helicca.com\/wp-content\/uploads\/2025\/04\/9-300x300.png 300w, https:\/\/helicca.com\/wp-content\/uploads\/2025\/04\/9-1030x1030.png 1030w, https:\/\/helicca.com\/wp-content\/uploads\/2025\/04\/9-80x80.png 80w, https:\/\/helicca.com\/wp-content\/uploads\/2025\/04\/9-768x768.png 768w, https:\/\/helicca.com\/wp-content\/uploads\/2025\/04\/9-36x36.png 36w, https:\/\/helicca.com\/wp-content\/uploads\/2025\/04\/9-180x180.png 180w, https:\/\/helicca.com\/wp-content\/uploads\/2025\/04\/9-705x705.png 705w\" sizes=\"(max-width: 1080px) 100vw, 1080px\" \/><\/div><\/div><\/div><br \/>\n<section  class='av_textblock_section av-lnd54ywk-cdbf5a23a2b833263cab533e58bd3a26 '   itemscope=\"itemscope\" itemtype=\"https:\/\/schema.org\/CreativeWork\" ><div class='avia_textblock'  itemprop=\"text\" ><p style=\"line-height: 1.5; text-align: center;\"><strong><span style=\"font-size: 16px;\">Jaime Gross<br \/>\n<\/span><\/strong><span style=\"font-size: 16px;\">Fundador<br \/>\n<\/span><span style=\"font-size: 16px;\">Sede da HELICCA Espanha<\/span><\/p>\n<\/div><\/section><br \/>\n\n<style type=\"text\/css\" data-created_by=\"avia_inline_auto\" id=\"style-css-av-lnvtsng3-5887707e52cc0ccada8b87928816fb0a\">\n.av_font_icon.av-lnvtsng3-5887707e52cc0ccada8b87928816fb0a{\ncolor:#0e76a8;\nborder-color:#0e76a8;\n}\n.avia-svg-icon.av-lnvtsng3-5887707e52cc0ccada8b87928816fb0a svg:first-child{\nstroke:#0e76a8;\nfill:#0e76a8;\n}\n.av_font_icon.av-lnvtsng3-5887707e52cc0ccada8b87928816fb0a .av-icon-char{\nfont-size:25px;\nline-height:25px;\n}\n<\/style>\n<span  class='av_font_icon av-lnvtsng3-5887707e52cc0ccada8b87928816fb0a avia_animate_when_visible av-icon-style- avia-icon-pos-center avia-iconfont avia-font-entypo-fontello avia-icon-animate'><a href='http:\/\/www.linkedin.com\/in\/jaimegrosss'  target=\"_blank\"  rel=\"noopener noreferrer\"  class='av-icon-char' data-av_icon='\ue8fc' data-av_iconfont='entypo-fontello' aria-hidden=\"false\" ><\/a><\/span><\/p>\n<\/div><\/div>\n<style type=\"text\/css\" data-created_by=\"avia_inline_auto\" id=\"style-css-av-12rhr-e9b0c947ebc44d6046677ea14b1c10b8\">\n.flex_cell.av-12rhr-e9b0c947ebc44d6046677ea14b1c10b8{\nvertical-align:top;\n}\n<\/style>\n<div class='flex_cell av-12rhr-e9b0c947ebc44d6046677ea14b1c10b8 av-gridrow-cell av_one_fourth no_margin  avia-builder-el-6  el_after_av_cell_one_fourth  el_before_av_cell_one_fourth  content-align-top'  ><div class='flex_cell_inner'><p>\n<style type=\"text\/css\" data-created_by=\"avia_inline_auto\" id=\"style-css-av-m9bcjvia-b32058350a0f74557340ea470f0d77d2\">\n.avia-image-container.av-m9bcjvia-b32058350a0f74557340ea470f0d77d2 img.avia_image{\nbox-shadow:none;\n}\n.avia-image-container.av-m9bcjvia-b32058350a0f74557340ea470f0d77d2 .av-image-caption-overlay-center{\ncolor:#ffffff;\n}\n<\/style>\n<div  class='avia-image-container av-m9bcjvia-b32058350a0f74557340ea470f0d77d2 av-styling- avia-align-center  avia-builder-el-7  el_before_av_textblock  avia-builder-el-first '   itemprop=\"image\" itemscope=\"itemscope\" itemtype=\"https:\/\/schema.org\/ImageObject\" ><div class=\"avia-image-container-inner\"><div class=\"avia-image-overlay-wrap\"><img decoding=\"async\" fetchpriority=\"high\" class='wp-image-712 avia-img-lazy-loading-not-712 avia_image ' src=\"https:\/\/helicca.com\/wp-content\/uploads\/2025\/04\/10.png\" alt='' title='Margarida Monteiro de Barros'  height=\"1080\" width=\"1080\"  itemprop=\"thumbnailUrl\" srcset=\"https:\/\/helicca.com\/wp-content\/uploads\/2025\/04\/10.png 1080w, https:\/\/helicca.com\/wp-content\/uploads\/2025\/04\/10-300x300.png 300w, https:\/\/helicca.com\/wp-content\/uploads\/2025\/04\/10-1030x1030.png 1030w, https:\/\/helicca.com\/wp-content\/uploads\/2025\/04\/10-80x80.png 80w, https:\/\/helicca.com\/wp-content\/uploads\/2025\/04\/10-768x768.png 768w, https:\/\/helicca.com\/wp-content\/uploads\/2025\/04\/10-36x36.png 36w, https:\/\/helicca.com\/wp-content\/uploads\/2025\/04\/10-180x180.png 180w, https:\/\/helicca.com\/wp-content\/uploads\/2025\/04\/10-705x705.png 705w\" sizes=\"(max-width: 1080px) 100vw, 1080px\" \/><\/div><\/div><\/div><br \/>\n<section  class='av_textblock_section av-m9bckluz-af369324ac76a902cded2faed83ef6cc '   itemscope=\"itemscope\" itemtype=\"https:\/\/schema.org\/CreativeWork\" ><div class='avia_textblock'  itemprop=\"text\" ><p style=\"line-height: 1.5; text-align: center;\"><strong><span style=\"font-size: 16px;\">Margarida Monteiro de Barros<\/span><\/strong><br \/>\n<span style=\"font-size: 16px;\">Co-fundadora<br \/>\nHELICCA Portugal<\/span><\/p>\n<\/div><\/section><br \/>\n\n<style type=\"text\/css\" data-created_by=\"avia_inline_auto\" id=\"style-css-av-m9bckvss-475b6680a7e0e1c3679780e2a9e44108\">\n.av_font_icon.av-m9bckvss-475b6680a7e0e1c3679780e2a9e44108{\ncolor:#0e76a8;\nborder-color:#0e76a8;\n}\n.avia-svg-icon.av-m9bckvss-475b6680a7e0e1c3679780e2a9e44108 svg:first-child{\nstroke:#0e76a8;\nfill:#0e76a8;\n}\n.av_font_icon.av-m9bckvss-475b6680a7e0e1c3679780e2a9e44108 .av-icon-char{\nfont-size:25px;\nline-height:25px;\n}\n<\/style>\n<span  class='av_font_icon av-m9bckvss-475b6680a7e0e1c3679780e2a9e44108 avia_animate_when_visible av-icon-style- avia-icon-pos-center avia-iconfont avia-font-entypo-fontello avia-icon-animate'><a href='https:\/\/www.linkedin.com\/in\/margaridamb\/'  target=\"_blank\"  rel=\"noopener noreferrer\"  class='av-icon-char' data-av_icon='\ue8fc' data-av_iconfont='entypo-fontello' aria-hidden=\"false\" ><\/a><\/span><\/p>\n<\/div><\/div>\n<style type=\"text\/css\" data-created_by=\"avia_inline_auto\" id=\"style-css-av-m9a0dp4p-c63c55b723a859a0b39f1d07db0e35e3\">\n.flex_cell.av-m9a0dp4p-c63c55b723a859a0b39f1d07db0e35e3{\nvertical-align:top;\n}\n<\/style>\n<div class='flex_cell av-m9a0dp4p-c63c55b723a859a0b39f1d07db0e35e3 av-gridrow-cell av_one_fourth no_margin av-hide-on-mobile  avia-builder-el-10  el_after_av_cell_one_fourth  avia-builder-el-last  content-align-top'  ><div class='flex_cell_inner'><\/div><\/div><\/div><div id='av-layout-grid-2'  class='av-layout-grid-container av-2qmyz-79c8d007d496267e55eb523c943bc642 entry-content-wrapper main_color av-flex-cells  avia-builder-el-11  el_after_av_layout_row  el_before_av_slideshow  grid-row-not-first  container_wrap sidebar_right'  >\n\n<style type=\"text\/css\" data-created_by=\"avia_inline_auto\" id=\"style-css-av-m9a0xaab-6d0766128a119968f24ae2d9cac01fc2\">\n.flex_cell.av-m9a0xaab-6d0766128a119968f24ae2d9cac01fc2{\nvertical-align:middle;\nbackground-color:#33a0f3;\n}\n<\/style>\n<div class='flex_cell av-m9a0xaab-6d0766128a119968f24ae2d9cac01fc2 av-gridrow-cell av_one_full no_margin  avia-builder-el-12  avia-builder-el-no-sibling  content-align-middle'  ><div class='flex_cell_inner'>\n<style type=\"text\/css\" data-created_by=\"avia_inline_auto\" id=\"style-css-av-m9a0vi46-f443f2d6f239e928634951a1d0dfed17\">\n#top .av_textblock_section.av-m9a0vi46-f443f2d6f239e928634951a1d0dfed17 .avia_textblock{\ncolor:#ffffff;\n}\n<\/style>\n<section  class='av_textblock_section av-m9a0vi46-f443f2d6f239e928634951a1d0dfed17 '   itemscope=\"itemscope\" itemtype=\"https:\/\/schema.org\/CreativeWork\" ><div class='avia_textblock av_inherit_color'  itemprop=\"text\" ><h3 style=\"text-align: center;\"><strong><span style=\"color: #ffffff;\">A Helicca \u00e9 uma empresa de nova gera\u00e7\u00e3o, no entanto acumulamos 30 anos de colabora\u00e7\u00e3o com mais de 800 empresas e marcas.<\/span><\/strong><\/h3>\n<\/div><\/section><br \/>\n\n<style type=\"text\/css\" data-created_by=\"avia_inline_auto\" id=\"style-css-av-m9a0y0ql-c9e1f6c919dfd6d4667866b7a59e0def\">\n.avia-image-container.av-m9a0y0ql-c9e1f6c919dfd6d4667866b7a59e0def img.avia_image{\nbox-shadow:none;\n}\n.avia-image-container.av-m9a0y0ql-c9e1f6c919dfd6d4667866b7a59e0def .av-image-caption-overlay-center{\ncolor:#ffffff;\n}\n<\/style>\n<div  class='avia-image-container av-m9a0y0ql-c9e1f6c919dfd6d4667866b7a59e0def av-styling- avia-align-center  avia-builder-el-14  el_after_av_textblock  avia-builder-el-last  av-small-hide av-mini-hide'   itemprop=\"image\" itemscope=\"itemscope\" itemtype=\"https:\/\/schema.org\/ImageObject\" ><div class=\"avia-image-container-inner\"><div class=\"avia-image-overlay-wrap\"><img decoding=\"async\" fetchpriority=\"high\" class='wp-image-716 avia-img-lazy-loading-not-716 avia_image ' src=\"https:\/\/helicca.com\/wp-content\/uploads\/2025\/04\/Mosaico_Brands_HELICCA.png\" alt='' title='Mosaico_Brands_HELICCA'  height=\"712\" width=\"1324\"  itemprop=\"thumbnailUrl\" srcset=\"https:\/\/helicca.com\/wp-content\/uploads\/2025\/04\/Mosaico_Brands_HELICCA.png 1324w, https:\/\/helicca.com\/wp-content\/uploads\/2025\/04\/Mosaico_Brands_HELICCA-300x161.png 300w, https:\/\/helicca.com\/wp-content\/uploads\/2025\/04\/Mosaico_Brands_HELICCA-1030x554.png 1030w, https:\/\/helicca.com\/wp-content\/uploads\/2025\/04\/Mosaico_Brands_HELICCA-768x413.png 768w, https:\/\/helicca.com\/wp-content\/uploads\/2025\/04\/Mosaico_Brands_HELICCA-705x379.png 705w\" sizes=\"(max-width: 1324px) 100vw, 1324px\" \/><\/div><\/div><\/div><\/p>\n<\/div><\/div>\n<\/div><div id='after_grid_row_2'  class='main_color av_default_container_wrap container_wrap sidebar_right'  ><div class='container av-section-cont-open' ><div class='template-page content  av-content-small alpha units'><div class='post-entry post-entry-type-page post-entry-1095'><div class='entry-content-wrapper clearfix'><\/p>\n<div  class='avia-slideshow av-m9a18ufi-ea2e7f0ae18f0e96b88752195ab08b38 avia-slideshow-featured_large av_slideshow avia-slide-slider  avia-builder-el-15  el_after_av_layout_row  el_before_av_layout_row  avia-builder-el-no-sibling  av-desktop-hide av-medium-hide av-small-hide av-slideshow-ui av-control-default av-slideshow-manual av-loop-once av-loop-manual-endless av-default-height-applied avia-slideshow-1' data-slideshow-options=\"{&quot;animation&quot;:&quot;slide&quot;,&quot;autoplay&quot;:false,&quot;loop_autoplay&quot;:&quot;once&quot;,&quot;interval&quot;:5,&quot;loop_manual&quot;:&quot;manual-endless&quot;,&quot;autoplay_stopper&quot;:false,&quot;noNavigation&quot;:false,&quot;bg_slider&quot;:false,&quot;keep_padding&quot;:false,&quot;hoverpause&quot;:false,&quot;show_slide_delay&quot;:0}\"  itemprop=\"image\" itemscope=\"itemscope\" itemtype=\"https:\/\/schema.org\/ImageObject\" ><ul class='avia-slideshow-inner ' style='padding-bottom: 47.583081570997%;'><li  class='avia-slideshow-slide av-m9a18ufi-ea2e7f0ae18f0e96b88752195ab08b38__0  av-single-slide slide-1 slide-odd'><div data-rel='slideshow-1' class='avia-slide-wrap '   ><img decoding=\"async\" fetchpriority=\"high\" class=\"wp-image-716 avia-img-lazy-loading-not-716\"  src=\"https:\/\/helicca.com\/wp-content\/uploads\/2025\/04\/Mosaico_Brands_HELICCA-1324x630.png\" width=\"1324\" height=\"630\" title='Mosaico_Brands_HELICCA' alt=''  itemprop=\"thumbnailUrl\"   \/><\/div><\/li><\/ul><\/div>\n<\/div><\/div><\/div><!-- close content main div --><\/div><\/div><div id='av-layout-grid-3'  class='av-layout-grid-container av-35x1r-af915d93529cc5b6f2132a47a70f878c entry-content-wrapper main_color av-flex-cells  avia-builder-el-16  el_after_av_slideshow  el_before_av_layout_row  grid-row-not-first av-small-hide av-mini-hide container_wrap sidebar_right'  >\n\n<style type=\"text\/css\" data-created_by=\"avia_inline_auto\" id=\"style-css-av-2qa5v-cf9a83d12521e8b5cef9fc2167f8b23f\">\n.flex_cell.av-2qa5v-cf9a83d12521e8b5cef9fc2167f8b23f{\nvertical-align:middle;\n}\n.responsive #top #wrap_all .flex_cell.av-2qa5v-cf9a83d12521e8b5cef9fc2167f8b23f{\npadding:40px 40px 40px 40px !important;\n}\n<\/style>\n<div class='flex_cell av-2qa5v-cf9a83d12521e8b5cef9fc2167f8b23f av-gridrow-cell av_one_third no_margin  avia-builder-el-17  el_before_av_cell_two_third  avia-builder-el-first  content-align-middle'  ><div class='flex_cell_inner'>\n<style type=\"text\/css\" data-created_by=\"avia_inline_auto\" id=\"style-css-av-2d63f-1817ab447f62ee9a5c61727d78289fc0\">\n.avia-image-container.av-2d63f-1817ab447f62ee9a5c61727d78289fc0 img.avia_image{\nbox-shadow:none;\n}\n.avia-image-container.av-2d63f-1817ab447f62ee9a5c61727d78289fc0 .av-image-caption-overlay-center{\ncolor:#ffffff;\n}\n<\/style>\n<div  class='avia-image-container av-2d63f-1817ab447f62ee9a5c61727d78289fc0 av-styling- avia-align-center  avia-builder-el-18  avia-builder-el-no-sibling '   itemprop=\"image\" itemscope=\"itemscope\" itemtype=\"https:\/\/schema.org\/ImageObject\" ><div class=\"avia-image-container-inner\"><div class=\"avia-image-overlay-wrap\"><img decoding=\"async\" fetchpriority=\"high\" class='wp-image-714 avia-img-lazy-loading-not-714 avia_image ' src=\"https:\/\/helicca.com\/wp-content\/uploads\/2025\/04\/Captura-de-pantalla-2025-04-09-a-las-16.18.42.png\" alt='' title='Helicca 3'  height=\"784\" width=\"326\"  itemprop=\"thumbnailUrl\" srcset=\"https:\/\/helicca.com\/wp-content\/uploads\/2025\/04\/Captura-de-pantalla-2025-04-09-a-las-16.18.42.png 326w, https:\/\/helicca.com\/wp-content\/uploads\/2025\/04\/Captura-de-pantalla-2025-04-09-a-las-16.18.42-125x300.png 125w, https:\/\/helicca.com\/wp-content\/uploads\/2025\/04\/Captura-de-pantalla-2025-04-09-a-las-16.18.42-293x705.png 293w\" sizes=\"(max-width: 326px) 100vw, 326px\" \/><\/div><\/div><\/div>\n<\/div><\/div>\n<style type=\"text\/css\" data-created_by=\"avia_inline_auto\" id=\"style-css-av-199wn-4ddf15298f002c1393a3b4a878fcd5fc\">\n.flex_cell.av-199wn-4ddf15298f002c1393a3b4a878fcd5fc{\nvertical-align:top;\n}\n<\/style>\n<div class='flex_cell av-199wn-4ddf15298f002c1393a3b4a878fcd5fc av-gridrow-cell av_two_third no_margin  avia-builder-el-19  el_after_av_cell_one_third  avia-builder-el-last  content-align-top'  ><div class='flex_cell_inner'><section  class='av_textblock_section av-yulj-2e7ec98f24c8d2e5840818d26cd8e41e '   itemscope=\"itemscope\" itemtype=\"https:\/\/schema.org\/CreativeWork\" ><div class='avia_textblock'  itemprop=\"text\" ><h1 class=\"p1\"><span class=\"s1\">Pioneiros em Circularidade Regenerativa e Inova\u00e7\u00e3o<\/span><\/h1>\n<p class=\"p1\"><span class=\"s1\">Na HELICCA, somos uma equipa com mais de 30 anos de experi\u00eancia em estrat\u00e9gia e inova\u00e7\u00e3o regenerativa. Fomos pioneiros no desenvolvimento e aplica\u00e7\u00e3o de ferramentas pr\u00f3prias para criar modelos de neg\u00f3cio, produtos e territ\u00f3rios de inova\u00e7\u00e3o. <\/span><\/p>\n<p class=\"p1\"><span class=\"s1\">Sabemos que circularidade nem sempre significa regenera\u00e7\u00e3o. Por isso, desenhamos solu\u00e7\u00f5es inovadoras que integram impacto econ\u00f3mico, social, ambiental e tecnol\u00f3gico. Fortalecemos organiza\u00e7\u00f5es com solu\u00e7\u00f5es cocriadas com as suas equipas, tornando-as aptas a enfrentar desafios, regenerando prosperidade.  <\/span><\/p>\n<h3 class=\"p1\"><span class=\"s1\"><b>HELICCA<\/b><\/span> <span class=\"s2\"><b>\u00e9 uma nova abordagem de acompanhamento estrat\u00e9gico para empresas e institui\u00e7\u00f5es que lideram o futuro<\/b><\/span><\/h3>\n<p class=\"p1\"><span class=\"s1\">criando neg\u00f3cios regenerativos de alto impacto no mercado e no seu ecossistema. Avaliamos a viabilidade econ\u00f3mica, tecnol\u00f3gica e social de cada solu\u00e7\u00e3o, formulando modelos que restauram a prosperidade, o equil\u00edbrio e abrem novas oportunidades de neg\u00f3cio. <\/span><\/p>\n<\/div><\/section>\n<\/div><\/div>\n<\/div>\n<div id='av-layout-grid-4'  class='av-layout-grid-container av-m9a126d6-82d360c8ec8a8ca0668ab215808cf9c9 entry-content-wrapper main_color av-flex-cells  avia-builder-el-21  el_after_av_layout_row  avia-builder-el-last  grid-row-not-first av-desktop-hide av-medium-hide container_wrap sidebar_right'  >\n\n<style type=\"text\/css\" data-created_by=\"avia_inline_auto\" id=\"style-css-av-2v9bv-a73d13383955f824aa241dcfc86f339d\">\n.flex_cell.av-2v9bv-a73d13383955f824aa241dcfc86f339d{\nvertical-align:middle;\n}\n.responsive #top #wrap_all .flex_cell.av-2v9bv-a73d13383955f824aa241dcfc86f339d{\npadding:40px 40px 40px 40px !important;\n}\n<\/style>\n<div class='flex_cell av-2v9bv-a73d13383955f824aa241dcfc86f339d av-gridrow-cell av_one_half no_margin  avia-builder-el-22  el_before_av_cell_one_half  avia-builder-el-first  content-align-middle'  ><div class='flex_cell_inner'>\n<style type=\"text\/css\" data-created_by=\"avia_inline_auto\" id=\"style-css-av-23kvn-d93b00968e35be649076fa82590fd828\">\n#top .av_textblock_section.av-23kvn-d93b00968e35be649076fa82590fd828 .avia_textblock{\nfont-size:31px;\n}\n<\/style>\n<section  class='av_textblock_section av-23kvn-d93b00968e35be649076fa82590fd828 '   itemscope=\"itemscope\" itemtype=\"https:\/\/schema.org\/CreativeWork\" ><div class='av-desktop-hide av-medium-hide avia_textblock'  itemprop=\"text\" ><p class=\"p1\" style=\"line-height: 1.15;\"><strong><span class=\"s1\">Pioneiros em Circularidade<\/span> <span class=\"s1\">Regenerativa e Inova\u00e7\u00e3o<\/span><\/strong><\/p>\n<\/div><\/section><br \/>\n<section  class='av_textblock_section av-m9a11qi1-e14c6232ea931570df9eff950b843206 '   itemscope=\"itemscope\" itemtype=\"https:\/\/schema.org\/CreativeWork\" ><div class='avia_textblock'  itemprop=\"text\" ><p class=\"p1\"><span class=\"s1\">Na HELICCA, somos uma equipa com mais de 30 anos de experi\u00eancia em estrat\u00e9gia e inova\u00e7\u00e3o regenerativa. Fomos pioneiros no desenvolvimento e aplica\u00e7\u00e3o de ferramentas pr\u00f3prias para criar modelos de neg\u00f3cio, produtos e territ\u00f3rios de inova\u00e7\u00e3o. <\/span><\/p>\n<p class=\"p1\"><span class=\"s1\">Sabemos que circularidade nem sempre significa regenera\u00e7\u00e3o. Por isso, desenhamos solu\u00e7\u00f5es inovadoras que integram impacto econ\u00f3mico, social, ambiental e tecnol\u00f3gico. Fortalecemos organiza\u00e7\u00f5es com solu\u00e7\u00f5es cocriadas com as suas equipas, tornando-as aptas a enfrentar desafios, regenerando prosperidade.  <\/span><\/p>\n<h3 class=\"p1\"><span class=\"s1\"><b>HELICCA<\/b><\/span> <span class=\"s2\"><b>\u00e9 uma nova abordagem de acompanhamento estrat\u00e9gico para empresas e institui\u00e7\u00f5es que lideram o futuro<\/b><\/span><\/h3>\n<p class=\"p1\"><span class=\"s1\">criando neg\u00f3cios regenerativos de alto impacto no mercado e no seu ecossistema. Avaliamos a viabilidade econ\u00f3mica, tecnol\u00f3gica e social de cada solu\u00e7\u00e3o, formulando modelos que restauram a prosperidade, o equil\u00edbrio e abrem novas oportunidades de neg\u00f3cio. <\/span><\/p>\n<\/div><\/section><\/p>\n<\/div><\/div>\n<style type=\"text\/css\" data-created_by=\"avia_inline_auto\" id=\"style-css-av-1dt97-eea97e365ae1e0246f2daf64d268631b\">\n.flex_cell.av-1dt97-eea97e365ae1e0246f2daf64d268631b{\nvertical-align:top;\n}\n<\/style>\n<div class='flex_cell av-1dt97-eea97e365ae1e0246f2daf64d268631b av-gridrow-cell av_one_half no_margin  avia-builder-el-25  el_after_av_cell_one_half  avia-builder-el-last  content-align-top'  ><div class='flex_cell_inner'>\n<style type=\"text\/css\" data-created_by=\"avia_inline_auto\" id=\"style-css-av-x2sb-5827597aa582bf39b037f28c6cc61f6d\">\n.avia-image-container.av-x2sb-5827597aa582bf39b037f28c6cc61f6d img.avia_image{\nbox-shadow:none;\n}\n.avia-image-container.av-x2sb-5827597aa582bf39b037f28c6cc61f6d .av-image-caption-overlay-center{\ncolor:#ffffff;\n}\n<\/style>\n<div  class='avia-image-container av-x2sb-5827597aa582bf39b037f28c6cc61f6d av-styling- avia-align-center  avia-builder-el-26  avia-builder-el-no-sibling '   itemprop=\"image\" itemscope=\"itemscope\" itemtype=\"https:\/\/schema.org\/ImageObject\" ><div class=\"avia-image-container-inner\"><div class=\"avia-image-overlay-wrap\"><img decoding=\"async\" fetchpriority=\"high\" class='wp-image-714 avia-img-lazy-loading-not-714 avia_image ' src=\"https:\/\/helicca.com\/wp-content\/uploads\/2025\/04\/Captura-de-pantalla-2025-04-09-a-las-16.18.42.png\" alt='' title='Helicca 3'  height=\"784\" width=\"326\"  itemprop=\"thumbnailUrl\" srcset=\"https:\/\/helicca.com\/wp-content\/uploads\/2025\/04\/Captura-de-pantalla-2025-04-09-a-las-16.18.42.png 326w, https:\/\/helicca.com\/wp-content\/uploads\/2025\/04\/Captura-de-pantalla-2025-04-09-a-las-16.18.42-125x300.png 125w, https:\/\/helicca.com\/wp-content\/uploads\/2025\/04\/Captura-de-pantalla-2025-04-09-a-las-16.18.42-293x705.png 293w\" sizes=\"(max-width: 326px) 100vw, 326px\" \/><\/div><\/div><\/div>\n<\/div><\/div><\/div>\n","protected":false},"excerpt":{"rendered":"","protected":false},"author":1,"featured_media":0,"parent":0,"menu_order":0,"comment_status":"closed","ping_status":"closed","template":"","meta":{"footnotes":""},"class_list":["post-1095","page","type-page","status-publish","hentry"],"_links":{"self":[{"href":"https:\/\/helicca.com\/pt-pt\/wp-json\/wp\/v2\/pages\/1095","targetHints":{"allow":["GET"]}}],"collection":[{"href":"https:\/\/helicca.com\/pt-pt\/wp-json\/wp\/v2\/pages"}],"about":[{"href":"https:\/\/helicca.com\/pt-pt\/wp-json\/wp\/v2\/types\/page"}],"author":[{"embeddable":true,"href":"https:\/\/helicca.com\/pt-pt\/wp-json\/wp\/v2\/users\/1"}],"replies":[{"embeddable":true,"href":"https:\/\/helicca.com\/pt-pt\/wp-json\/wp\/v2\/comments?post=1095"}],"version-history":[{"count":14,"href":"https:\/\/helicca.com\/pt-pt\/wp-json\/wp\/v2\/pages\/1095\/revisions"}],"predecessor-version":[{"id":1745,"href":"https:\/\/helicca.com\/pt-pt\/wp-json\/wp\/v2\/pages\/1095\/revisions\/1745"}],"wp:attachment":[{"href":"https:\/\/helicca.com\/pt-pt\/wp-json\/wp\/v2\/media?parent=1095"}],"curies":[{"name":"wp","href":"https:\/\/api.w.org\/{rel}","templated":true}]}}