{"id":1103,"date":"2023-10-05T11:14:27","date_gmt":"2023-10-05T09:14:27","guid":{"rendered":"https:\/\/helicca.com\/servicios\/"},"modified":"2025-09-08T16:59:36","modified_gmt":"2025-09-08T14:59:36","slug":"smartworkshops","status":"publish","type":"page","link":"https:\/\/helicca.com\/pt-pt\/smartworkshops\/","title":{"rendered":"SmartWorkshops"},"content":{"rendered":"<div id='av-layout-grid-1'  class='av-layout-grid-container av-acytb-50b4364bbcace38bf0d3696893ed7466 entry-content-wrapper main_color av-flex-cells  avia-builder-el-0  el_before_av_layout_row  avia-builder-el-first  av-cell-min-height av-cell-min-height-100  container_wrap sidebar_right'   data-av_minimum_height_pc='100'>\n\n<style type=\"text\/css\" data-created_by=\"avia_inline_auto\" id=\"style-css-av-a39tf-5bfbeb538445c7c8aaf82099316e1004\">\n.flex_cell.av-a39tf-5bfbeb538445c7c8aaf82099316e1004{\nvertical-align:middle;\n}\n.responsive #top #wrap_all .flex_cell.av-a39tf-5bfbeb538445c7c8aaf82099316e1004{\npadding:50px 50px 50px 50px !important;\n}\n<\/style>\n<div class='flex_cell av-a39tf-5bfbeb538445c7c8aaf82099316e1004 av-gridrow-cell av_one_half no_margin  avia-builder-el-1  el_before_av_cell_one_half  avia-builder-el-first  content-align-middle'  ><div class='flex_cell_inner'>\n<style type=\"text\/css\" data-created_by=\"avia_inline_auto\" id=\"style-css-av-m99yuaml-911939dc26128760ebbbd1970fe1052e\">\n#top .av_textblock_section.av-m99yuaml-911939dc26128760ebbbd1970fe1052e .avia_textblock{\nfont-size:35px;\n}\n<\/style>\n<section  class='av_textblock_section av-m99yuaml-911939dc26128760ebbbd1970fe1052e '   itemscope=\"itemscope\" itemtype=\"https:\/\/schema.org\/CreativeWork\" ><div class='av-small-hide av-mini-hide avia_textblock'  itemprop=\"text\" ><h1><strong>SmartWorkshops<\/strong><\/h1>\n<\/div><\/section><br \/>\n<section  class='av_textblock_section av-m99yufgg-8cc5b0ef01ff2458093cf9616ebde8ed '   itemscope=\"itemscope\" itemtype=\"https:\/\/schema.org\/CreativeWork\" ><div class='av-desktop-hide av-medium-hide avia_textblock'  itemprop=\"text\" ><h5><strong><span style=\"font-size: 45px;\">Smart<br \/>\nWorkshops<\/span><\/strong><\/h5>\n<\/div><\/section><br \/>\n\n<style type=\"text\/css\" data-created_by=\"avia_inline_auto\" id=\"style-css-av-97613-20bdb0ae2c3c065b363bedac8d6533c7\">\n#top .hr.hr-invisible.av-97613-20bdb0ae2c3c065b363bedac8d6533c7{\nheight:30px;\n}\n<\/style>\n<div  class='hr av-97613-20bdb0ae2c3c065b363bedac8d6533c7 hr-invisible  avia-builder-el-4  el_after_av_textblock  el_before_av_textblock  av-desktop-hide av-medium-hide'><span class='hr-inner '><span class=\"hr-inner-style\"><\/span><\/span><\/div><br \/>\n<section  class='av_textblock_section av-m99yu3xg-1cb79993720f8bb9a9c5a5febcbf6cdf '   itemscope=\"itemscope\" itemtype=\"https:\/\/schema.org\/CreativeWork\" ><div class='avia_textblock'  itemprop=\"text\" ><p class=\"p1\"><span class=\"s1\">Oferecemos workshops nos formatos digital-remoto, presencial ou h\u00edbrido, para al\u00e9m de formula\u00e7\u00e3o de novas oportunidades de neg\u00f3cio. <\/span><\/p>\n<p class=\"p1\"><span class=\"s1\">Dispomos do ecossistema digital\/IA mais completo e de ferramentas pr\u00e1ticas de estrat\u00e9gia, concebido para o trabalho colaborativo de equipas de inova\u00e7\u00e3o, gestores e\/ou empres\u00e1rios.<\/span><\/p>\n<\/div><\/section><\/p>\n<\/div><\/div>\n<style type=\"text\/css\" data-created_by=\"avia_inline_auto\" id=\"style-css-av-8hvrn-f6f8eede8740bdc23f6c608129a5bc86\">\n.flex_cell.av-8hvrn-f6f8eede8740bdc23f6c608129a5bc86{\nvertical-align:middle;\nbackground:url(https:\/\/helicca.com\/wp-content\/uploads\/2023\/10\/Smart_Workshops_Helicca.png) 0% 0% no-repeat scroll ;\n}\n.responsive #top #wrap_all .flex_cell.av-8hvrn-f6f8eede8740bdc23f6c608129a5bc86{\npadding:100px 0 100px 0 !important;\n}\n<\/style>\n<div class='flex_cell av-8hvrn-f6f8eede8740bdc23f6c608129a5bc86 av-gridrow-cell av_one_half no_margin  avia-builder-el-6  el_after_av_cell_one_half  avia-builder-el-last  content-align-middle avia-full-stretch'  ><div class='flex_cell_inner'><\/div><\/div>\n<\/div>\n<div id='av-layout-grid-2'  class='av-layout-grid-container av-m99yynz7-6c138576949a02554a4f94d4c3391d47 entry-content-wrapper main_color av-flex-cells  avia-builder-el-7  el_after_av_layout_row  el_before_av_layout_row  grid-row-not-first  container_wrap sidebar_right'  >\n\n<style type=\"text\/css\" data-created_by=\"avia_inline_auto\" id=\"style-css-av-1mre7-28ce8dab9bcb3f3ee0ca1934daf9a9df\">\n.flex_cell.av-1mre7-28ce8dab9bcb3f3ee0ca1934daf9a9df{\nvertical-align:middle;\n}\n.responsive #top #wrap_all .flex_cell.av-1mre7-28ce8dab9bcb3f3ee0ca1934daf9a9df{\npadding:50px 50px 50px 50px !important;\n}\n<\/style>\n<div class='flex_cell av-1mre7-28ce8dab9bcb3f3ee0ca1934daf9a9df av-gridrow-cell av_one_full no_margin  avia-builder-el-8  avia-builder-el-no-sibling  content-align-middle'  ><div class='flex_cell_inner'>\n<style type=\"text\/css\" data-created_by=\"avia_inline_auto\" id=\"style-css-av-oat3-f7d2ea538efaf5c7889b15a43fb68558\">\n#top .hr.hr-invisible.av-oat3-f7d2ea538efaf5c7889b15a43fb68558{\nheight:30px;\n}\n<\/style>\n<div  class='hr av-oat3-f7d2ea538efaf5c7889b15a43fb68558 hr-invisible  avia-builder-el-9  avia-builder-el-no-sibling  av-desktop-hide av-medium-hide'><span class='hr-inner '><span class=\"hr-inner-style\"><\/span><\/span><\/div>\n<\/div><\/div>\n<\/div>\n<div id='av-layout-grid-3'  class='av-layout-grid-container av-a1r3z-d894d0d596fb794a8b935333d054be56 entry-content-wrapper main_color av-flex-cells  avia-builder-el-10  el_after_av_layout_row  el_before_av_image  av-cell-min-height av-cell-min-height-25 grid-row-not-first  container_wrap sidebar_right'   data-av_minimum_height_pc='25'>\n\n<style type=\"text\/css\" data-created_by=\"avia_inline_auto\" id=\"style-css-av-9hbb3-f81463ea1bb90bb9d1db5bf8b55c2c9e\">\n.flex_cell.av-9hbb3-f81463ea1bb90bb9d1db5bf8b55c2c9e{\nvertical-align:middle;\n}\n.responsive #top #wrap_all .flex_cell.av-9hbb3-f81463ea1bb90bb9d1db5bf8b55c2c9e{\npadding:50px 50px 0 50px !important;\n}\n<\/style>\n<div class='flex_cell av-9hbb3-f81463ea1bb90bb9d1db5bf8b55c2c9e av-gridrow-cell av_one_fourth no_margin  avia-builder-el-11  el_before_av_cell_one_half  avia-builder-el-first  content-align-middle'  ><div class='flex_cell_inner'><section  class='av_textblock_section av-8pbcz-9ae62baff0691fdc28b2a217498fa242 '   itemscope=\"itemscope\" itemtype=\"https:\/\/schema.org\/CreativeWork\" ><div class='avia_textblock'  itemprop=\"text\" ><h5><strong>N\u00edveis de atua\u00e7\u00e3o e modela\u00e7\u00e3o<\/strong> para a regenera\u00e7\u00e3o de empresas e institui\u00e7\u00f5es.<\/h5>\n<\/div><\/section><br \/>\n\n<style type=\"text\/css\" data-created_by=\"avia_inline_auto\" id=\"style-css-av-lo4huzht-f97427e42a7eb11f555766bc2a204f62\">\n#top .hr.hr-invisible.av-lo4huzht-f97427e42a7eb11f555766bc2a204f62{\nheight:30px;\n}\n<\/style>\n<div  class='hr av-lo4huzht-f97427e42a7eb11f555766bc2a204f62 hr-invisible  avia-builder-el-13  el_after_av_textblock  avia-builder-el-last  av-desktop-hide av-medium-hide'><span class='hr-inner '><span class=\"hr-inner-style\"><\/span><\/span><\/div><\/p>\n<\/div><\/div>\n<style type=\"text\/css\" data-created_by=\"avia_inline_auto\" id=\"style-css-av-84vbr-041e5827ee9f16626e9c626caf6b0890\">\n.flex_cell.av-84vbr-041e5827ee9f16626e9c626caf6b0890{\nvertical-align:middle;\n}\n<\/style>\n<div class='flex_cell av-84vbr-041e5827ee9f16626e9c626caf6b0890 av-gridrow-cell av_one_half no_margin  avia-builder-el-14  el_after_av_cell_one_fourth  el_before_av_cell_one_fourth  content-align-middle'  ><div class='flex_cell_inner'><p><div  class='av-hotspot-image-container av-lon3z181-640cbad9cfd8268b2effc0a825e73b45  avia-builder-el-15  el_before_av_textblock  avia-builder-el-first  av-hotspot-blank avia_animated_image avia_animate_when_almost_visible top-to-bottom av-mobile-fallback-active  av-non-fullwidth-hotspot-image'  itemprop=\"image\" itemscope=\"itemscope\" itemtype=\"https:\/\/schema.org\/ImageObject\" ><div class='av-hotspot-container'><div class='av-hotspot-container-inner-cell'><div class='av-hotspot-container-inner-wrap'><img decoding=\"async\" fetchpriority=\"high\" class='wp-image-704 avia-img-lazy-loading-not-704 avia_image' src=\"https:\/\/helicca.com\/wp-content\/uploads\/2025\/04\/Tiempo-de-resultados-1.png\" alt='' title='Helicca'  height=\"1080\" width=\"1080\"  itemprop=\"thumbnailUrl\" srcset=\"https:\/\/helicca.com\/wp-content\/uploads\/2025\/04\/Tiempo-de-resultados-1.png 1080w, https:\/\/helicca.com\/wp-content\/uploads\/2025\/04\/Tiempo-de-resultados-1-300x300.png 300w, https:\/\/helicca.com\/wp-content\/uploads\/2025\/04\/Tiempo-de-resultados-1-1030x1030.png 1030w, https:\/\/helicca.com\/wp-content\/uploads\/2025\/04\/Tiempo-de-resultados-1-80x80.png 80w, https:\/\/helicca.com\/wp-content\/uploads\/2025\/04\/Tiempo-de-resultados-1-768x768.png 768w, https:\/\/helicca.com\/wp-content\/uploads\/2025\/04\/Tiempo-de-resultados-1-36x36.png 36w, https:\/\/helicca.com\/wp-content\/uploads\/2025\/04\/Tiempo-de-resultados-1-180x180.png 180w, https:\/\/helicca.com\/wp-content\/uploads\/2025\/04\/Tiempo-de-resultados-1-705x705.png 705w\" sizes=\"(max-width: 1080px) 100vw, 1080px\" \/><\/div><\/div><\/div><\/div><br \/>\n\n<style type=\"text\/css\" data-created_by=\"avia_inline_auto\" id=\"style-css-av-6f5ev-8665c7b79f778e309e1f3be5bbd8cae9\">\n#top .av_textblock_section.av-6f5ev-8665c7b79f778e309e1f3be5bbd8cae9 .avia_textblock{\ncolor:#a8a8a8;\n}\n<\/style>\n<section  class='av_textblock_section av-6f5ev-8665c7b79f778e309e1f3be5bbd8cae9 '   itemscope=\"itemscope\" itemtype=\"https:\/\/schema.org\/CreativeWork\" ><div class='av-desktop-hide av-medium-hide avia_textblock av_inherit_color'  itemprop=\"text\" ><p style=\"text-align: right; line-height: 1;\"><span style=\"font-size: 16px;\">Contamos com a mais vasta experi\u00eancia em consultoria estrat\u00e9gica na Pen\u00ednsula Ib\u00e9rica, com foco na modela\u00e7\u00e3o de novas oportunidades de neg\u00f3cio, desde o n\u00edvel de oferta Micro: <\/span><em><span style=\"font-size: 16px;\">Produto, servi\u00e7o, categorias de produto, portf\u00f3lio, unidades de neg\u00f3cio e empresa \u2014 at\u00e9 aos n\u00edveis Macro \u2014 corporativo, grupos empresariais, clusters setoriais e multissetoriais. Atuamos tamb\u00e9m no desenvolvimento de programas colaborativos e sinergias em linhas estrat\u00e9gicas de desenvolvimento territorial, criando rela\u00e7\u00f5es entre empresas e institui\u00e7\u00f5es. <\/span><\/em><\/p>\n<\/div><\/section><\/p>\n<\/div><\/div>\n<style type=\"text\/css\" data-created_by=\"avia_inline_auto\" id=\"style-css-av-6p9rj-48bb1d9934f64009e32a747aa7828ba2\">\n.flex_cell.av-6p9rj-48bb1d9934f64009e32a747aa7828ba2{\nvertical-align:bottom;\n}\n<\/style>\n<div class='flex_cell av-6p9rj-48bb1d9934f64009e32a747aa7828ba2 av-gridrow-cell av_one_fourth no_margin  avia-builder-el-17  el_after_av_cell_one_half  avia-builder-el-last  content-align-bottom'  ><div class='flex_cell_inner'>\n<style type=\"text\/css\" data-created_by=\"avia_inline_auto\" id=\"style-css-av-lo4hw0my-5b0c5605c518960390328c6a167ba3d6\">\n#top .av_textblock_section.av-lo4hw0my-5b0c5605c518960390328c6a167ba3d6 .avia_textblock{\ncolor:#a8a8a8;\n}\n<\/style>\n<section  class='av_textblock_section av-lo4hw0my-5b0c5605c518960390328c6a167ba3d6 '   itemscope=\"itemscope\" itemtype=\"https:\/\/schema.org\/CreativeWork\" ><div class='av-small-hide av-mini-hide avia_textblock av_inherit_color'  itemprop=\"text\" ><p style=\"text-align: right; line-height: 1;\"><span style=\"font-size: 16px;\">Contamos com a mais vasta experi\u00eancia em consultoria estrat\u00e9gica na Pen\u00ednsula Ib\u00e9rica, com foco na modela\u00e7\u00e3o de novas oportunidades de neg\u00f3cio, desde o n\u00edvel de oferta Micro: <\/span><em><span style=\"font-size: 16px;\">Produto, servi\u00e7o, categorias de produto, portf\u00f3lio, unidades de neg\u00f3cio e empresa \u2014 at\u00e9 aos n\u00edveis Macro \u2014 corporativo, grupos empresariais, clusters setoriais e multissetoriais. Atuamos tamb\u00e9m no desenvolvimento de programas colaborativos e sinergias em linhas estrat\u00e9gicas de desenvolvimento territorial, criando rela\u00e7\u00f5es entre empresas e institui\u00e7\u00f5es. <\/span><\/em><\/p>\n<\/div><\/section>\n<\/div><\/div>\n<\/div><div id='after_grid_row_3'  class='main_color av_default_container_wrap container_wrap sidebar_right'  ><div class='container av-section-cont-open' ><div class='template-page content  av-content-small alpha units'><div class='post-entry post-entry-type-page post-entry-1103'><div class='entry-content-wrapper clearfix'>\n\n<style type=\"text\/css\" data-created_by=\"avia_inline_auto\" id=\"style-css-av-m99z8luz-06b9401f322545c700f33e7a89418ee5\">\n@keyframes av_boxShadowEffect_av-m99z8luz-06b9401f322545c700f33e7a89418ee5 {\n0%   { box-shadow:  0 0 0 0 ; opacity: 1; }\n100% { box-shadow:  0 0 3px 0 ; opacity: 1; }\n}\n.avia-image-container.av-m99z8luz-06b9401f322545c700f33e7a89418ee5 img.avia_image{\nbox-shadow: 0 0 3px 0 ;\n}\n.avia-image-container.av-m99z8luz-06b9401f322545c700f33e7a89418ee5 .av-image-caption-overlay-center{\ncolor:#ffffff;\n}\n<\/style>\n<div  class='avia-image-container av-m99z8luz-06b9401f322545c700f33e7a89418ee5 av-styling- avia-align-center  avia-builder-el-19  el_after_av_layout_row  el_before_av_layout_row  avia-builder-el-no-sibling  av-desktop-hide av-medium-hide av-small-hide av-img-box-shadow av-box-shadow-not-animated'   itemprop=\"image\" itemscope=\"itemscope\" itemtype=\"https:\/\/schema.org\/ImageObject\" ><div class=\"avia-image-container-inner\"><div class=\"avia-image-overlay-wrap\"><img decoding=\"async\" fetchpriority=\"high\" class='wp-image-702 avia-img-lazy-loading-not-702 avia_image shadow-not-animated' src=\"https:\/\/helicca.com\/wp-content\/uploads\/2025\/04\/Diseno-sin-titulo.png\" alt='' title='Helicca 1'  height=\"617\" width=\"1080\"  itemprop=\"thumbnailUrl\" srcset=\"https:\/\/helicca.com\/wp-content\/uploads\/2025\/04\/Diseno-sin-titulo.png 1080w, https:\/\/helicca.com\/wp-content\/uploads\/2025\/04\/Diseno-sin-titulo-300x171.png 300w, https:\/\/helicca.com\/wp-content\/uploads\/2025\/04\/Diseno-sin-titulo-1030x588.png 1030w, https:\/\/helicca.com\/wp-content\/uploads\/2025\/04\/Diseno-sin-titulo-768x439.png 768w, https:\/\/helicca.com\/wp-content\/uploads\/2025\/04\/Diseno-sin-titulo-705x403.png 705w\" sizes=\"(max-width: 1080px) 100vw, 1080px\" \/><\/div><\/div><\/div>\n<\/div><\/div><\/div><!-- close content main div --><\/div><\/div><div id='av-layout-grid-4'  class='av-layout-grid-container av-jwjv-ecd478fc0afae4e1024787e134532d0d entry-content-wrapper main_color av-flex-cells  avia-builder-el-20  el_after_av_image  avia-builder-el-last  grid-row-not-first  container_wrap sidebar_right'  >\n\n<style type=\"text\/css\" data-created_by=\"avia_inline_auto\" id=\"style-css-av-59wm3-d9156d19ff8a611629e59b924d504cfc\">\n.flex_cell.av-59wm3-d9156d19ff8a611629e59b924d504cfc{\nvertical-align:top;\nbackground:url(https:\/\/helicca.com\/wp-content\/uploads\/2025\/04\/Diseno-sin-titulo.png) 50% 0% no-repeat scroll ;\n}\n<\/style>\n<div class='flex_cell av-59wm3-d9156d19ff8a611629e59b924d504cfc av-gridrow-cell av_three_fifth no_margin av-hide-on-mobile  avia-builder-el-21  el_before_av_cell_two_fifth  avia-builder-el-first  content-align-top avia-full-contain'  ><div class='flex_cell_inner'><\/div><\/div>\n<style type=\"text\/css\" data-created_by=\"avia_inline_auto\" id=\"style-css-av-48hbb-dbc8beff4baaf643ae349699a5483343\">\n.flex_cell.av-48hbb-dbc8beff4baaf643ae349699a5483343{\nvertical-align:top;\n}\n.responsive #top #wrap_all .flex_cell.av-48hbb-dbc8beff4baaf643ae349699a5483343{\npadding:20px 40px 20px 40px !important;\n}\n<\/style>\n<div class='flex_cell av-48hbb-dbc8beff4baaf643ae349699a5483343 av-gridrow-cell av_two_fifth no_margin  avia-builder-el-22  el_after_av_cell_three_fifth  avia-builder-el-last  content-align-top'  ><div class='flex_cell_inner'><section  class='av_textblock_section av-m9eb8djs-773de32879e1605ea71122665c2d4773 '   itemscope=\"itemscope\" itemtype=\"https:\/\/schema.org\/CreativeWork\" ><div class='avia_textblock'  itemprop=\"text\" ><h2>Contacto<\/h2>\n<\/div><\/section><br \/>\n<form action=\"https:\/\/helicca.com\/pt-pt\/smartworkshops\/\" method=\"post\" data-fields-with-error=\"Found errors in the following field(s):\" class=\"avia_ajax_form av-form-labels-hidden   avia-builder-el-24  el_after_av_textblock  avia-builder-el-last   \" data-avia-form-id=\"1\" data-avia-redirect='' ><fieldset><p class='  first_form  form_element form_fullwidth' id='element_avia_1_1'><label for=\"avia_1_1\">Nome <abbr class=\"required\" title=\"required\">*<\/abbr><\/label> <input name=\"avia_1_1\" class=\"text_input is_empty\" type=\"text\" id=\"avia_1_1\" value=\"\"  placeholder='Nome*'\/><\/p><p class='  first_form  form_element form_fullwidth' id='element_avia_2_1'><label for=\"avia_2_1\">Telefone <abbr class=\"required\" title=\"required\">*<\/abbr><\/label> <input name=\"avia_2_1\" class=\"text_input is_empty\" type=\"text\" id=\"avia_2_1\" value=\"\"  placeholder='Telefone*'\/><\/p><p class='  first_form  form_element form_fullwidth' id='element_avia_3_1'><label for=\"avia_3_1\">Endere\u00e7o de correio eletr\u00f3nico <abbr class=\"required\" title=\"required\">*<\/abbr><\/label> <input name=\"avia_3_1\" class=\"text_input is_email\" type=\"text\" id=\"avia_3_1\" value=\"\"  placeholder='Endere\u00e7o de correio eletr\u00f3nico*'\/><\/p><p class='  first_form  form_element form_fullwidth' id='element_avia_4_1'><label for=\"avia_4_1\" class=\"textare_label hidden textare_label_avia_4_1\">Mensagem <abbr class=\"required\" title=\"required\">*<\/abbr><\/label><textarea  placeholder='Mensagem*' name=\"avia_4_1\" class=\"text_area is_empty\" cols=\"40\" rows=\"7\" id=\"avia_4_1\" ><\/textarea><\/p><p class=\"hidden\"><input type=\"text\" name=\"avia_5_1\" class=\"hidden \" id=\"avia_5_1\" value=\"\" \/><\/p><p class=' av_form_privacy_check av_contact_privacy_check first_form  form_element form_fullwidth' id='element_avia_6_1'><input  name=\"avia_6_1\" class=\"input_checkbox is_empty\" type=\"checkbox\" id=\"avia_6_1\" value=\"true\"\/><label class=\"input_checkbox_label\" for=\"avia_6_1\">Li e aceito a Pol\u00edtica de Privacidade <abbr class=\"required\" title=\"required\">*<\/abbr><\/label><\/p><p class=\"form_element \"><input type=\"hidden\" value=\"1\" name=\"avia_generated_form1\" \/><input type=\"submit\" value=\"Envia\" class=\"button\"  data-sending-label=\"Sending\"\/><\/p><\/fieldset><\/form><div id=\"ajaxresponse_1\" class=\"ajaxresponse ajaxresponse_1 hidden\"><\/div><\/p>\n<\/div><\/div><\/div>\n","protected":false},"excerpt":{"rendered":"","protected":false},"author":1,"featured_media":0,"parent":0,"menu_order":0,"comment_status":"closed","ping_status":"closed","template":"","meta":{"footnotes":""},"class_list":["post-1103","page","type-page","status-publish","hentry"],"_links":{"self":[{"href":"https:\/\/helicca.com\/pt-pt\/wp-json\/wp\/v2\/pages\/1103","targetHints":{"allow":["GET"]}}],"collection":[{"href":"https:\/\/helicca.com\/pt-pt\/wp-json\/wp\/v2\/pages"}],"about":[{"href":"https:\/\/helicca.com\/pt-pt\/wp-json\/wp\/v2\/types\/page"}],"author":[{"embeddable":true,"href":"https:\/\/helicca.com\/pt-pt\/wp-json\/wp\/v2\/users\/1"}],"replies":[{"embeddable":true,"href":"https:\/\/helicca.com\/pt-pt\/wp-json\/wp\/v2\/comments?post=1103"}],"version-history":[{"count":36,"href":"https:\/\/helicca.com\/pt-pt\/wp-json\/wp\/v2\/pages\/1103\/revisions"}],"predecessor-version":[{"id":2009,"href":"https:\/\/helicca.com\/pt-pt\/wp-json\/wp\/v2\/pages\/1103\/revisions\/2009"}],"wp:attachment":[{"href":"https:\/\/helicca.com\/pt-pt\/wp-json\/wp\/v2\/media?parent=1103"}],"curies":[{"name":"wp","href":"https:\/\/api.w.org\/{rel}","templated":true}]}}