{"id":1245,"date":"2023-10-17T17:12:39","date_gmt":"2023-10-17T17:12:39","guid":{"rendered":"https:\/\/helicca.com\/medico-y-farmaceutico\/"},"modified":"2025-06-19T11:43:57","modified_gmt":"2025-06-19T11:43:57","slug":"medico-y-farmaceutico","status":"publish","type":"page","link":"https:\/\/helicca.com\/pt-pt\/medico-y-farmaceutico\/","title":{"rendered":"Sa\u00fade e farmac\u00eautica"},"content":{"rendered":"<div   class='avia-fullscreen-slider main_color av-small-hide av-mini-hide  avia-builder-el-0  el_before_av_slideshow_full  avia-builder-el-first  container_wrap sidebar_right'  >\n<style type=\"text\/css\" data-created_by=\"avia_inline_auto\" id=\"style-css-av-lnul12na-2e49f554a505d9ce5668adb39cd7eac5\">\n#top #wrap_all .avia-slideshow .av-slideshow-caption.av-lnul12na-2e49f554a505d9ce5668adb39cd7eac5__0 .avia-caption-title{\nfont-size:60px;\ncolor:#ffffff;\n}\n<\/style>\n<a href='#next-section' title='' class='scroll-down-link av-control-default avia-svg-icon avia-font-svg_entypo-fontello' data-av_svg_icon='down-open-mini' data-av_iconset='svg_entypo-fontello'><svg version=\"1.1\" xmlns=\"http:\/\/www.w3.org\/2000\/svg\" width=\"15\" height=\"32\" viewBox=\"0 0 15 32\" preserveAspectRatio=\"xMidYMid meet\" aria-labelledby='av-svg-title-1' aria-describedby='av-svg-desc-1' role=\"graphics-symbol\" aria-hidden=\"true\">\n<title id='av-svg-title-1'>Scroll to next section<\/title>\n<desc id='av-svg-desc-1'>Scroll to next section<\/desc>\n<path d=\"M12.96 12.16q0.704-0.832 1.536 0 0.832 0.704 0 1.536l-6.272 6.144q-0.704 0.704-1.536 0l-6.272-6.144q-0.832-0.832 0-1.536 0.768-0.768 1.6 0l5.44 4.992z\"><\/path>\n<\/svg><\/a><div  class='avia-slideshow av-lnul12na-2e49f554a505d9ce5668adb39cd7eac5 avia-slideshow-no scaling av_fullscreen avia-slide-slider av-small-hide av-mini-hide av-slideshow-ui av-control-default av-slideshow-manual av-loop-once av-loop-manual-endless av-slider-scroll-down-active av-default-height-applied   avia-slideshow-1' data-slideshow-options=\"{&quot;animation&quot;:&quot;slide&quot;,&quot;autoplay&quot;:false,&quot;loop_autoplay&quot;:&quot;once&quot;,&quot;interval&quot;:5,&quot;loop_manual&quot;:&quot;manual-endless&quot;,&quot;autoplay_stopper&quot;:false,&quot;noNavigation&quot;:false,&quot;bg_slider&quot;:true,&quot;keep_padding&quot;:false,&quot;hoverpause&quot;:false,&quot;show_slide_delay&quot;:0,&quot;slide_height&quot;:&quot;100&quot;,&quot;image_attachment&quot;:&quot;&quot;}\"  itemprop=\"image\" itemscope=\"itemscope\" itemtype=\"https:\/\/schema.org\/ImageObject\" ><ul class='avia-slideshow-inner ' style='padding-bottom: 56.25%;'><li style='background-position:center center;' data-img-url='https:\/\/helicca.com\/wp-content\/uploads\/2023\/10\/12_Medico_Farmaceutico-1.png' class='avia-slideshow-slide av-lnul12na-2e49f554a505d9ce5668adb39cd7eac5__0  av-single-slide slide-1 slide-odd'><div data-rel='slideshow-1' class='avia-slide-wrap '   ><\/div><\/li><\/ul><\/div><\/div>\n<div id='full_slider_1'  class='avia-fullwidth-slider main_color avia-shadow av-desktop-hide av-medium-hide  avia-builder-el-1  el_after_av_fullscreen  el_before_av_layout_row   slider-not-first container_wrap sidebar_right'  ><div  class='avia-slideshow av-lo4j7fcf-84ac16ace2e106ecd1f7fb425a7c1a2d avia-slideshow-featured_large av_slideshow_full avia-slide-slider av-desktop-hide av-medium-hide av-slideshow-ui av-control-default av-slideshow-manual av-loop-once av-loop-manual-endless av-default-height-applied   avia-slideshow-2' data-slideshow-options=\"{&quot;animation&quot;:&quot;slide&quot;,&quot;autoplay&quot;:false,&quot;loop_autoplay&quot;:&quot;once&quot;,&quot;interval&quot;:5,&quot;loop_manual&quot;:&quot;manual-endless&quot;,&quot;autoplay_stopper&quot;:false,&quot;noNavigation&quot;:false,&quot;bg_slider&quot;:false,&quot;keep_padding&quot;:false,&quot;hoverpause&quot;:false,&quot;show_slide_delay&quot;:0}\"  itemprop=\"image\" itemscope=\"itemscope\" itemtype=\"https:\/\/schema.org\/ImageObject\" ><ul class='avia-slideshow-inner ' style='padding-bottom: 42%;'><li  class='avia-slideshow-slide av-lo4j7fcf-84ac16ace2e106ecd1f7fb425a7c1a2d__0  av-single-slide slide-1 slide-odd'><div data-rel='slideshow-2' class='avia-slide-wrap '   ><img decoding=\"async\" fetchpriority=\"high\" class=\"wp-image-660 avia-img-lazy-loading-not-660\"  src=\"https:\/\/helicca.com\/wp-content\/uploads\/2023\/10\/12_Medico_Farmaceutico-1-1500x630.png\" width=\"1500\" height=\"630\" title='M\u00e9dico Farmac\u00e9utico' alt=''  itemprop=\"thumbnailUrl\"   \/><\/div><\/li><\/ul><\/div><\/div>\n<div id='av-layout-grid-1'  class='av-layout-grid-container av-27inp5-99be367559841c4d9bd8ff90c7863d7f entry-content-wrapper main_color av-flex-cells  avia-builder-el-2  el_after_av_slideshow_full  el_before_av_layout_row  grid-row-not-first  container_wrap sidebar_right'  >\n\n<style type=\"text\/css\" data-created_by=\"avia_inline_auto\" id=\"style-css-av-25ao2h-747714fd63f0dc05328a0580807eb4c3\">\n.flex_cell.av-25ao2h-747714fd63f0dc05328a0580807eb4c3{\nvertical-align:top;\n}\n.responsive #top #wrap_all .flex_cell.av-25ao2h-747714fd63f0dc05328a0580807eb4c3{\npadding:30px 30px 30px 30px !important;\n}\n<\/style>\n<div class='flex_cell av-25ao2h-747714fd63f0dc05328a0580807eb4c3 av-gridrow-cell av_one_half no_margin  avia-builder-el-3  el_before_av_cell_one_half  avia-builder-el-first  content-align-top'  ><div class='flex_cell_inner'><section  class='av_textblock_section av-lnul19it-0e417d6c873c96b52dede633f73fb8b4 '   itemscope=\"itemscope\" itemtype=\"https:\/\/schema.org\/CreativeWork\" ><div class='av-small-hide av-mini-hide avia_textblock'  itemprop=\"text\" ><h1 class=\"p1\">Sa\u00fade e farmac\u00eautica<\/h1>\n<\/div><\/section><br \/>\n<section  class='av_textblock_section av-m9e2hbld-310ae1ef76a223e188a0a37f20a61579 '   itemscope=\"itemscope\" itemtype=\"https:\/\/schema.org\/CreativeWork\" ><div class='av-desktop-hide av-medium-hide avia_textblock'  itemprop=\"text\" ><h2 class=\"p1\">Sa\u00fade e farmac\u00eautica<\/h2>\n<\/div><\/section><br \/>\n<section  class='av_textblock_section av-ayf7t-bcad24a74b3b1644731a3e5e86555af8 '   itemscope=\"itemscope\" itemtype=\"https:\/\/schema.org\/CreativeWork\" ><div class='avia_textblock'  itemprop=\"text\" ><p class=\"p1\"><span class=\"s1\">Cocriamos estrat\u00e9gias com grandes farmac\u00eauticas e PMEs do setor<i> health &amp; care<\/i>,<i> <\/i>com programas B2B e de fideliza\u00e7\u00e3o junto a <i>retalhistas<\/i> e farm\u00e1cias.<\/span><\/p>\n<p class=\"p1\"><span class=\"s1\">Desenvolvemos experi\u00eancias h\u00edbridas e digitais<span class=\"Apple-converted-space\"> <\/span>para novos servi\u00e7os e categorias em OTC m\u00e9dico, odontol\u00f3gico e <i>wellbeing<\/i>.<\/span><\/p>\n<\/div><\/section><\/p>\n<\/div><\/div>\n<style type=\"text\/css\" data-created_by=\"avia_inline_auto\" id=\"style-css-av-6qufd-82cbdc9128d25df0db012cf7343f9af9\">\n.flex_cell.av-6qufd-82cbdc9128d25df0db012cf7343f9af9{\nvertical-align:top;\n}\n.responsive #top #wrap_all .flex_cell.av-6qufd-82cbdc9128d25df0db012cf7343f9af9{\npadding:30px 30px 30px 30px !important;\n}\n<\/style>\n<div class='flex_cell av-6qufd-82cbdc9128d25df0db012cf7343f9af9 av-gridrow-cell av_one_half no_margin  avia-builder-el-7  el_after_av_cell_one_half  avia-builder-el-last  content-align-top'  ><div class='flex_cell_inner'><\/div><\/div>\n<\/div>\n<div id='av-layout-grid-2'  class='av-layout-grid-container av-1levjt-c97af1b7bae144cc21019458fc32c269 entry-content-wrapper main_color av-flex-cells  avia-builder-el-8  el_after_av_layout_row  avia-builder-el-last  grid-row-not-first  container_wrap sidebar_right'  >\n\n<style type=\"text\/css\" data-created_by=\"avia_inline_auto\" id=\"style-css-av-5cmk1-bc8896979dff9d8e8912f3b5ea16ce98\">\n.flex_cell.av-5cmk1-bc8896979dff9d8e8912f3b5ea16ce98{\nvertical-align:middle;\nbackground:url(https:\/\/helicca.com\/wp-content\/uploads\/2023\/10\/Smart_Workshops_Helicca.png) 50% 50% no-repeat scroll ;\n}\n<\/style>\n<div class='flex_cell av-5cmk1-bc8896979dff9d8e8912f3b5ea16ce98 av-gridrow-cell av_one_half no_margin av-hide-on-mobile  avia-builder-el-9  el_before_av_cell_one_half  avia-builder-el-first  content-align-middle avia-full-stretch'  ><div class='flex_cell_inner'><\/div><\/div>\n<style type=\"text\/css\" data-created_by=\"avia_inline_auto\" id=\"style-css-av-17eqmp-12f5808beca8e0f37d1d8e571eb2c40d\">\n.flex_cell.av-17eqmp-12f5808beca8e0f37d1d8e571eb2c40d{\nvertical-align:middle;\n}\n.responsive #top #wrap_all .flex_cell.av-17eqmp-12f5808beca8e0f37d1d8e571eb2c40d{\npadding:20px 40px 20px 40px !important;\n}\n<\/style>\n<div class='flex_cell av-17eqmp-12f5808beca8e0f37d1d8e571eb2c40d av-gridrow-cell av_one_half no_margin  avia-builder-el-10  el_after_av_cell_one_half  avia-builder-el-last  content-align-middle'  ><div class='flex_cell_inner'><section  class='av_textblock_section av-14y6cx-fae18adf4707f47fc6372fc7f431434c '   itemscope=\"itemscope\" itemtype=\"https:\/\/schema.org\/CreativeWork\" ><div class='avia_textblock'  itemprop=\"text\" ><h2 class=\"p1\" style=\"text-align: left;\">Contacto<\/h2>\n<\/div><\/section><br \/>\n<form action=\"https:\/\/helicca.com\/pt-pt\/medico-y-farmaceutico\/\" method=\"post\" data-fields-with-error=\"Found errors in the following field(s):\" class=\"avia_ajax_form av-form-labels-hidden   avia-builder-el-12  el_after_av_textblock  avia-builder-el-last   \" data-avia-form-id=\"1\" data-avia-redirect='' ><fieldset><p class='  first_form  form_element form_fullwidth' id='element_avia_1_1'><label for=\"avia_1_1\">Nome <abbr class=\"required\" title=\"required\">*<\/abbr><\/label> <input name=\"avia_1_1\" class=\"text_input is_empty\" type=\"text\" id=\"avia_1_1\" value=\"\"  placeholder='Nome*'\/><\/p><p class='  first_form  form_element form_fullwidth' id='element_avia_2_1'><label for=\"avia_2_1\">Telefone <abbr class=\"required\" title=\"required\">*<\/abbr><\/label> <input name=\"avia_2_1\" class=\"text_input is_empty\" type=\"text\" id=\"avia_2_1\" value=\"\"  placeholder='Telefone*'\/><\/p><p class='  first_form  form_element form_fullwidth' id='element_avia_3_1'><label for=\"avia_3_1\">Endere\u00e7o de correio eletr\u00f3nico <abbr class=\"required\" title=\"required\">*<\/abbr><\/label> <input name=\"avia_3_1\" class=\"text_input is_email\" type=\"text\" id=\"avia_3_1\" value=\"\"  placeholder='Endere\u00e7o de correio eletr\u00f3nico*'\/><\/p><p class='  first_form  form_element form_fullwidth' id='element_avia_4_1'><label for=\"avia_4_1\" class=\"textare_label hidden textare_label_avia_4_1\">Mensagem <abbr class=\"required\" title=\"required\">*<\/abbr><\/label><textarea  placeholder='Mensagem*' name=\"avia_4_1\" class=\"text_area is_empty\" cols=\"40\" rows=\"7\" id=\"avia_4_1\" ><\/textarea><\/p><p class=\"hidden\"><input type=\"text\" name=\"avia_5_1\" class=\"hidden \" id=\"avia_5_1\" value=\"\" \/><\/p><p class=' av_form_privacy_check av_contact_privacy_check first_form  form_element form_fullwidth' id='element_avia_6_1'><input  name=\"avia_6_1\" class=\"input_checkbox is_empty\" type=\"checkbox\" id=\"avia_6_1\" value=\"true\"\/><label class=\"input_checkbox_label\" for=\"avia_6_1\">Li e aceito a Pol\u00edtica de Privacidade <abbr class=\"required\" title=\"required\">*<\/abbr><\/label><\/p><p class=\"form_element \"><input type=\"hidden\" value=\"1\" name=\"avia_generated_form1\" \/><input type=\"submit\" value=\"Envia\" class=\"button\"  data-sending-label=\"Sending\"\/><\/p><\/fieldset><\/form><div id=\"ajaxresponse_1\" class=\"ajaxresponse ajaxresponse_1 hidden\"><\/div><\/p>\n<\/div><\/div><\/div>\n","protected":false},"excerpt":{"rendered":"","protected":false},"author":1,"featured_media":0,"parent":0,"menu_order":0,"comment_status":"closed","ping_status":"closed","template":"","meta":{"footnotes":""},"class_list":["post-1245","page","type-page","status-publish","hentry"],"_links":{"self":[{"href":"https:\/\/helicca.com\/pt-pt\/wp-json\/wp\/v2\/pages\/1245","targetHints":{"allow":["GET"]}}],"collection":[{"href":"https:\/\/helicca.com\/pt-pt\/wp-json\/wp\/v2\/pages"}],"about":[{"href":"https:\/\/helicca.com\/pt-pt\/wp-json\/wp\/v2\/types\/page"}],"author":[{"embeddable":true,"href":"https:\/\/helicca.com\/pt-pt\/wp-json\/wp\/v2\/users\/1"}],"replies":[{"embeddable":true,"href":"https:\/\/helicca.com\/pt-pt\/wp-json\/wp\/v2\/comments?post=1245"}],"version-history":[{"count":6,"href":"https:\/\/helicca.com\/pt-pt\/wp-json\/wp\/v2\/pages\/1245\/revisions"}],"predecessor-version":[{"id":1922,"href":"https:\/\/helicca.com\/pt-pt\/wp-json\/wp\/v2\/pages\/1245\/revisions\/1922"}],"wp:attachment":[{"href":"https:\/\/helicca.com\/pt-pt\/wp-json\/wp\/v2\/media?parent=1245"}],"curies":[{"name":"wp","href":"https:\/\/api.w.org\/{rel}","templated":true}]}}