{"id":1405,"date":"2023-10-05T12:51:33","date_gmt":"2023-10-05T12:51:33","guid":{"rendered":"https:\/\/helicca.com\/bienes-de-consumo\/"},"modified":"2025-06-19T11:36:33","modified_gmt":"2025-06-19T11:36:33","slug":"bienes-de-consumo","status":"publish","type":"page","link":"https:\/\/helicca.com\/pt-pt\/bienes-de-consumo\/","title":{"rendered":"Bens de consumo"},"content":{"rendered":"<div   class='avia-fullscreen-slider main_color av-small-hide av-mini-hide  avia-builder-el-0  el_before_av_slideshow_full  avia-builder-el-first  container_wrap sidebar_right'  >\n<style type=\"text\/css\" data-created_by=\"avia_inline_auto\" id=\"style-css-av-lnukhicu-2d8ee4e4444a060a33bb2e3f6127bf36\">\n#top #wrap_all .avia-slideshow .av-slideshow-caption.av-lnukhicu-2d8ee4e4444a060a33bb2e3f6127bf36__0 .avia-caption-title{\nfont-size:60px;\ncolor:#ffffff;\n}\n<\/style>\n<a href='#next-section' title='' class='scroll-down-link av-control-default avia-svg-icon avia-font-svg_entypo-fontello' data-av_svg_icon='down-open-mini' data-av_iconset='svg_entypo-fontello'><svg version=\"1.1\" xmlns=\"http:\/\/www.w3.org\/2000\/svg\" width=\"15\" height=\"32\" viewBox=\"0 0 15 32\" preserveAspectRatio=\"xMidYMid meet\" aria-labelledby='av-svg-title-1' aria-describedby='av-svg-desc-1' role=\"graphics-symbol\" aria-hidden=\"true\">\n<title id='av-svg-title-1'>Scroll to next section<\/title>\n<desc id='av-svg-desc-1'>Scroll to next section<\/desc>\n<path d=\"M12.96 12.16q0.704-0.832 1.536 0 0.832 0.704 0 1.536l-6.272 6.144q-0.704 0.704-1.536 0l-6.272-6.144q-0.832-0.832 0-1.536 0.768-0.768 1.6 0l5.44 4.992z\"><\/path>\n<\/svg><\/a><div  class='avia-slideshow av-lnukhicu-2d8ee4e4444a060a33bb2e3f6127bf36 avia-slideshow-no scaling av_fullscreen avia-slide-slider av-small-hide av-mini-hide av-slideshow-ui av-control-default av-slideshow-manual av-loop-once av-loop-manual-endless av-slider-scroll-down-active av-default-height-applied   avia-slideshow-1' data-slideshow-options=\"{&quot;animation&quot;:&quot;slide&quot;,&quot;autoplay&quot;:false,&quot;loop_autoplay&quot;:&quot;once&quot;,&quot;interval&quot;:5,&quot;loop_manual&quot;:&quot;manual-endless&quot;,&quot;autoplay_stopper&quot;:false,&quot;noNavigation&quot;:false,&quot;bg_slider&quot;:true,&quot;keep_padding&quot;:false,&quot;hoverpause&quot;:false,&quot;show_slide_delay&quot;:0,&quot;slide_height&quot;:&quot;100&quot;,&quot;image_attachment&quot;:&quot;&quot;}\"  itemprop=\"image\" itemscope=\"itemscope\" itemtype=\"https:\/\/schema.org\/ImageObject\" ><ul class='avia-slideshow-inner ' style='padding-bottom: 56.434651977967%;'><li style='background-position:center center;' data-img-url='https:\/\/helicca.com\/wp-content\/uploads\/2023\/10\/3_Bienes_de_Consumo.png' class='avia-slideshow-slide av-lnukhicu-2d8ee4e4444a060a33bb2e3f6127bf36__0  av-single-slide slide-1 slide-odd'><div data-rel='slideshow-1' class='avia-slide-wrap '   ><\/div><\/li><\/ul><\/div><\/div>\n<div id='full_slider_1'  class='avia-fullwidth-slider main_color avia-shadow av-desktop-hide av-medium-hide  avia-builder-el-1  el_after_av_fullscreen  el_before_av_layout_row   slider-not-first container_wrap sidebar_right'  ><div  class='avia-slideshow av-lo4ilvw2-800fbb4d9a91a8d1cac930f26fe1cf6d avia-slideshow-featured_large av_slideshow_full avia-slide-slider av-desktop-hide av-medium-hide av-slideshow-ui av-control-default av-slideshow-manual av-loop-once av-loop-manual-endless av-default-height-applied   avia-slideshow-2' data-slideshow-options=\"{&quot;animation&quot;:&quot;slide&quot;,&quot;autoplay&quot;:false,&quot;loop_autoplay&quot;:&quot;once&quot;,&quot;interval&quot;:5,&quot;loop_manual&quot;:&quot;manual-endless&quot;,&quot;autoplay_stopper&quot;:false,&quot;noNavigation&quot;:false,&quot;bg_slider&quot;:false,&quot;keep_padding&quot;:false,&quot;hoverpause&quot;:false,&quot;show_slide_delay&quot;:0}\"  itemprop=\"image\" itemscope=\"itemscope\" itemtype=\"https:\/\/schema.org\/ImageObject\" ><ul class='avia-slideshow-inner ' style='padding-bottom: 42%;'><li  class='avia-slideshow-slide av-lo4ilvw2-800fbb4d9a91a8d1cac930f26fe1cf6d__0  av-single-slide slide-1 slide-odd'><div data-rel='slideshow-2' class='avia-slide-wrap '   ><img decoding=\"async\" fetchpriority=\"high\" class=\"wp-image-676 avia-img-lazy-loading-not-676\"  src=\"https:\/\/helicca.com\/wp-content\/uploads\/2023\/10\/3_Bienes_de_Consumo-1500x630.png\" width=\"1500\" height=\"630\" title='Bienes de Consumo' alt=''  itemprop=\"thumbnailUrl\"   \/><\/div><\/li><\/ul><\/div><\/div>\n<div id='av-layout-grid-1'  class='av-layout-grid-container av-jeeu6-a7e96c557c71443f9bbfd67254ad485c entry-content-wrapper main_color av-flex-cells  avia-builder-el-2  el_after_av_slideshow_full  el_before_av_layout_row  grid-row-not-first  container_wrap sidebar_right'  >\n\n<style type=\"text\/css\" data-created_by=\"avia_inline_auto\" id=\"style-css-av-eyrxa-059d5ff6e5b08066dc7361ebc807af40\">\n.flex_cell.av-eyrxa-059d5ff6e5b08066dc7361ebc807af40{\nvertical-align:top;\n}\n.responsive #top #wrap_all .flex_cell.av-eyrxa-059d5ff6e5b08066dc7361ebc807af40{\npadding:30px 30px 30px 30px !important;\n}\n<\/style>\n<div class='flex_cell av-eyrxa-059d5ff6e5b08066dc7361ebc807af40 av-gridrow-cell av_one_half no_margin  avia-builder-el-3  el_before_av_cell_one_half  avia-builder-el-first  content-align-top'  ><div class='flex_cell_inner'><section  class='av_textblock_section av-lnurjyus-7f2e5bf515b92728b4daf36572e9afcd '   itemscope=\"itemscope\" itemtype=\"https:\/\/schema.org\/CreativeWork\" ><div class='av-small-hide av-mini-hide avia_textblock'  itemprop=\"text\" ><h1 class=\"p1\"><span class=\"s1\">Bens de consumo<\/span><\/h1>\n<p class=\"p1\"><span class=\"s1\">Cocriamos estrat\u00e9gias de inova\u00e7\u00e3o para linhas de produto, <i>servitiza\u00e7\u00e3o<\/i> e experi\u00eancias de intera\u00e7\u00e3o com o utilizador (engajamento via IoT).<\/span><\/p>\n<p class=\"p1\"><span class=\"s1\">Apoiamos as empresas na cria\u00e7\u00e3o de estrat\u00e9gias Zero-Neto, de circularidade e regenera\u00e7\u00e3o, trabalhando transversalmente (da cadeia de fornecimento \u00e0 distribui\u00e7\u00e3o), identificando novas formas de uso, alian\u00e7as e solu\u00e7\u00f5es com responsabilidade ambiental.<\/span><\/p>\n<\/div><\/section><br \/>\n<section  class='av_textblock_section av-m9e0rd4r-d22e42c827677deda446113e36573bb2 '   itemscope=\"itemscope\" itemtype=\"https:\/\/schema.org\/CreativeWork\" ><div class='av-desktop-hide av-medium-hide avia_textblock'  itemprop=\"text\" ><h2 class=\"p1\"><span class=\"s1\">Bens de consumo<\/span><\/h2>\n<p class=\"p1\"><span class=\"s1\">Cocriamos estrat\u00e9gias de inova\u00e7\u00e3o para linhas de produto, <i>servitiza\u00e7\u00e3o<\/i> e experi\u00eancias de intera\u00e7\u00e3o com o utilizador (engajamento via IoT).<\/span><\/p>\n<p class=\"p1\"><span class=\"s1\">Apoiamos as empresas na cria\u00e7\u00e3o de estrat\u00e9gias Zero-Neto, de circularidade e regenera\u00e7\u00e3o, trabalhando transversalmente (da cadeia de fornecimento \u00e0 distribui\u00e7\u00e3o), identificando novas formas de uso, alian\u00e7as e solu\u00e7\u00f5es com responsabilidade ambiental.<\/span><\/p>\n<\/div><\/section><\/p>\n<\/div><\/div>\n<style type=\"text\/css\" data-created_by=\"avia_inline_auto\" id=\"style-css-av-9s5k6-abeef37b1fccb81875bbd5708f894eac\">\n.flex_cell.av-9s5k6-abeef37b1fccb81875bbd5708f894eac{\nvertical-align:top;\n}\n.responsive #top #wrap_all .flex_cell.av-9s5k6-abeef37b1fccb81875bbd5708f894eac{\npadding:30px 30px 30px 30px !important;\n}\n<\/style>\n<div class='flex_cell av-9s5k6-abeef37b1fccb81875bbd5708f894eac av-gridrow-cell av_one_half no_margin  avia-builder-el-6  el_after_av_cell_one_half  avia-builder-el-last  content-align-top'  ><div class='flex_cell_inner'><\/div><\/div>\n<\/div>\n<div id='av-layout-grid-2'  class='av-layout-grid-container av-1l22um-2381a655ab17d0fbd8975ee0549096c5 entry-content-wrapper main_color av-flex-cells  avia-builder-el-7  el_after_av_layout_row  avia-builder-el-last  grid-row-not-first  container_wrap sidebar_right'  >\n\n<style type=\"text\/css\" data-created_by=\"avia_inline_auto\" id=\"style-css-av-1g4rd2-1fbd733ea03f2cb71f8676594f616774\">\n.flex_cell.av-1g4rd2-1fbd733ea03f2cb71f8676594f616774{\nvertical-align:middle;\nbackground:url(https:\/\/helicca.com\/wp-content\/uploads\/2023\/10\/Smart_Workshops_Helicca.png) 50% 50% no-repeat scroll ;\n}\n<\/style>\n<div class='flex_cell av-1g4rd2-1fbd733ea03f2cb71f8676594f616774 av-gridrow-cell av_one_half no_margin av-hide-on-mobile  avia-builder-el-8  el_before_av_cell_one_half  avia-builder-el-first  content-align-middle avia-full-stretch'  ><div class='flex_cell_inner'><\/div><\/div>\n<style type=\"text\/css\" data-created_by=\"avia_inline_auto\" id=\"style-css-av-1bc6ee-f4ba4ecb6498711f767cc274d90390cb\">\n.flex_cell.av-1bc6ee-f4ba4ecb6498711f767cc274d90390cb{\nvertical-align:middle;\n}\n.responsive #top #wrap_all .flex_cell.av-1bc6ee-f4ba4ecb6498711f767cc274d90390cb{\npadding:20px 40px 20px 40px !important;\n}\n<\/style>\n<div class='flex_cell av-1bc6ee-f4ba4ecb6498711f767cc274d90390cb av-gridrow-cell av_one_half no_margin  avia-builder-el-9  el_after_av_cell_one_half  avia-builder-el-last  content-align-middle'  ><div class='flex_cell_inner'><section  class='av_textblock_section av-11s7om-3d1a6e129107e713a2492657255bd2a5 '   itemscope=\"itemscope\" itemtype=\"https:\/\/schema.org\/CreativeWork\" ><div class='avia_textblock'  itemprop=\"text\" ><h2 class=\"p1\" style=\"text-align: left;\">Contacto<\/h2>\n<\/div><\/section><br \/>\n<form action=\"https:\/\/helicca.com\/pt-pt\/bienes-de-consumo\/\" method=\"post\" data-fields-with-error=\"Found errors in the following field(s):\" class=\"avia_ajax_form av-form-labels-hidden   avia-builder-el-11  el_after_av_textblock  avia-builder-el-last   \" data-avia-form-id=\"1\" data-avia-redirect='' ><fieldset><p class='  first_form  form_element form_fullwidth' id='element_avia_1_1'><label for=\"avia_1_1\">Nome <abbr class=\"required\" title=\"required\">*<\/abbr><\/label> <input name=\"avia_1_1\" class=\"text_input is_empty\" type=\"text\" id=\"avia_1_1\" value=\"\"  placeholder='Nome*'\/><\/p><p class='  first_form  form_element form_fullwidth' id='element_avia_2_1'><label for=\"avia_2_1\">Telefone <abbr class=\"required\" title=\"required\">*<\/abbr><\/label> <input name=\"avia_2_1\" class=\"text_input is_empty\" type=\"text\" id=\"avia_2_1\" value=\"\"  placeholder='Telefone*'\/><\/p><p class='  first_form  form_element form_fullwidth' id='element_avia_3_1'><label for=\"avia_3_1\">Endere\u00e7o de correio eletr\u00f3nico <abbr class=\"required\" title=\"required\">*<\/abbr><\/label> <input name=\"avia_3_1\" class=\"text_input is_email\" type=\"text\" id=\"avia_3_1\" value=\"\"  placeholder='Endere\u00e7o de correio eletr\u00f3nico*'\/><\/p><p class='  first_form  form_element form_fullwidth' id='element_avia_4_1'><label for=\"avia_4_1\" class=\"textare_label hidden textare_label_avia_4_1\">Mensagem <abbr class=\"required\" title=\"required\">*<\/abbr><\/label><textarea  placeholder='Mensagem*' name=\"avia_4_1\" class=\"text_area is_empty\" cols=\"40\" rows=\"7\" id=\"avia_4_1\" ><\/textarea><\/p><p class=\"hidden\"><input type=\"text\" name=\"avia_5_1\" class=\"hidden \" id=\"avia_5_1\" value=\"\" \/><\/p><p class=' av_form_privacy_check av_contact_privacy_check first_form  form_element form_fullwidth' id='element_avia_6_1'><input  name=\"avia_6_1\" class=\"input_checkbox is_empty\" type=\"checkbox\" id=\"avia_6_1\" value=\"true\"\/><label class=\"input_checkbox_label\" for=\"avia_6_1\">Li e aceito a Pol\u00edtica de Privacidade <abbr class=\"required\" title=\"required\">*<\/abbr><\/label><\/p><p class=\"form_element \"><input type=\"hidden\" value=\"1\" name=\"avia_generated_form1\" \/><input type=\"submit\" value=\"Envia\" class=\"button\"  data-sending-label=\"Sending\"\/><\/p><\/fieldset><\/form><div id=\"ajaxresponse_1\" class=\"ajaxresponse ajaxresponse_1 hidden\"><\/div><\/p>\n<\/div><\/div><\/div>\n","protected":false},"excerpt":{"rendered":"","protected":false},"author":1,"featured_media":0,"parent":0,"menu_order":0,"comment_status":"closed","ping_status":"closed","template":"","meta":{"footnotes":""},"class_list":["post-1405","page","type-page","status-publish","hentry"],"_links":{"self":[{"href":"https:\/\/helicca.com\/pt-pt\/wp-json\/wp\/v2\/pages\/1405","targetHints":{"allow":["GET"]}}],"collection":[{"href":"https:\/\/helicca.com\/pt-pt\/wp-json\/wp\/v2\/pages"}],"about":[{"href":"https:\/\/helicca.com\/pt-pt\/wp-json\/wp\/v2\/types\/page"}],"author":[{"embeddable":true,"href":"https:\/\/helicca.com\/pt-pt\/wp-json\/wp\/v2\/users\/1"}],"replies":[{"embeddable":true,"href":"https:\/\/helicca.com\/pt-pt\/wp-json\/wp\/v2\/comments?post=1405"}],"version-history":[{"count":8,"href":"https:\/\/helicca.com\/pt-pt\/wp-json\/wp\/v2\/pages\/1405\/revisions"}],"predecessor-version":[{"id":1834,"href":"https:\/\/helicca.com\/pt-pt\/wp-json\/wp\/v2\/pages\/1405\/revisions\/1834"}],"wp:attachment":[{"href":"https:\/\/helicca.com\/pt-pt\/wp-json\/wp\/v2\/media?parent=1405"}],"curies":[{"name":"wp","href":"https:\/\/api.w.org\/{rel}","templated":true}]}}