{"id":1517,"date":"2023-10-05T11:14:17","date_gmt":"2023-10-05T11:14:17","guid":{"rendered":"https:\/\/helicca.com\/sectores\/"},"modified":"2025-04-14T15:12:38","modified_gmt":"2025-04-14T15:12:38","slug":"sectores","status":"publish","type":"page","link":"https:\/\/helicca.com\/pt-pt\/sectores\/","title":{"rendered":"Setores"},"content":{"rendered":"\n<style type=\"text\/css\" data-created_by=\"avia_inline_auto\" id=\"style-css-av-lnd3laah-237c30a76fa92b0cdcebedf996dd7b73\">\n#top .av-masonry.av-lnd3laah-237c30a76fa92b0cdcebedf996dd7b73{\nbackground-color:#ffffff;\n}\n<\/style>\n<div id='av-masonry-1' class='av-masonry av-lnd3laah-237c30a76fa92b0cdcebedf996dd7b73 noHover av-fixed-size av-1px-gap av-hover-overlay-fade_out av-masonry-animation-active av-masonry-col-5 av-caption-always av-caption-style-overlay av-masonry-gallery ' data-post_id=\"1517\"><div class=\"av-masonry-container isotope av-js-disabled\"><div class='av-masonry-entry isotope-item av-masonry-item-no-image '><\/div><a href=\"https:\/\/helicca.com\/pt-pt\/alimentacion\/\"  aria-label=\"image Alimenta\u00e7\u00e3o\"  id='av-masonry-1-item-1523' data-av-masonry-item='1523' class='av-masonry-entry isotope-item post-1523 attachment type-attachment status-inherit hentry  av-masonry-item-with-image' title=\"Alimenta\u00e7\u00e3o\" alt=\"\"  data-av-masonry-custom-link=\"https:\/\/helicca.com\/pt-pt\/alimentacion\/\"  itemprop=\"thumbnailUrl\" ><div class='av-inner-masonry-sizer'><\/div><figure class='av-inner-masonry main_color'><div class=\"av-masonry-outerimage-container\"><div class='av-masonry-image-container lazyload' style=\"background-image:inherit;\"  title=\"Alimenta\u00e7\u00e3o\"  data-bg-image=\"url(https:\/\/helicca.com\/wp-content\/uploads\/2025\/04\/1_Alimentacion-3-1030x579.png)\"><\/div><\/div><figcaption class='av-inner-masonry-content site-background'><div class='av-inner-masonry-content-pos'><div class='av-inner-masonry-content-pos-content'><div class='avia-arrow'><\/div><h3 class='av-masonry-entry-title entry-title '  itemprop=\"headline\" >Alimenta\u00e7\u00e3o<\/h3><\/div><\/div><\/figcaption><\/figure><\/a><!--end av-masonry entry--><a href=\"https:\/\/helicca.com\/pt-pt\/agroindustria\/\"  aria-label=\"image Agroind\u00fastria\"  id='av-masonry-1-item-1526' data-av-masonry-item='1526' class='av-masonry-entry isotope-item post-1526 attachment type-attachment status-inherit hentry  av-masonry-item-with-image' title=\"Agroind\u00fastria\" alt=\"\"  data-av-masonry-custom-link=\"https:\/\/helicca.com\/pt-pt\/agroindustria\/\"  itemprop=\"thumbnailUrl\" ><div class='av-inner-masonry-sizer'><\/div><figure class='av-inner-masonry main_color'><div class=\"av-masonry-outerimage-container\"><div class='av-masonry-image-container lazyload' style=\"background-image:inherit;\"  title=\"Agroind\u00fastria\"  data-bg-image=\"url(https:\/\/helicca.com\/wp-content\/uploads\/2025\/04\/2_Agroindustria-2-1030x578.png)\"><\/div><\/div><figcaption class='av-inner-masonry-content site-background'><div class='av-inner-masonry-content-pos'><div class='av-inner-masonry-content-pos-content'><div class='avia-arrow'><\/div><h3 class='av-masonry-entry-title entry-title '  itemprop=\"headline\" >Agroind\u00fastria<\/h3><div class='av-masonry-entry-content entry-content'  itemprop=\"text\" >Especialidades:\nViticultura | Hortofruticultura | Olivicultura | Ind\u00fastria ole\u00edcola<\/div><\/div><\/div><\/figcaption><\/figure><\/a><!--end av-masonry entry--><a href=\"https:\/\/helicca.com\/pt-pt\/bienes-de-consumo\/\"  aria-label=\"image Bens de consumo\"  id='av-masonry-1-item-1529' data-av-masonry-item='1529' class='av-masonry-entry isotope-item post-1529 attachment type-attachment status-inherit hentry  av-masonry-item-with-image' title=\"Bens de consumo\" alt=\"\"  data-av-masonry-custom-link=\"https:\/\/helicca.com\/pt-pt\/bienes-de-consumo\/\"  itemprop=\"thumbnailUrl\" ><div class='av-inner-masonry-sizer'><\/div><figure class='av-inner-masonry main_color'><div class=\"av-masonry-outerimage-container\"><div class='av-masonry-image-container lazyload' style=\"background-image:inherit;\"  title=\"Bens de consumo\"  data-bg-image=\"url(https:\/\/helicca.com\/wp-content\/uploads\/2025\/04\/3_Bienes_de_Consumo-2-1030x581.png)\"><\/div><\/div><figcaption class='av-inner-masonry-content site-background'><div class='av-inner-masonry-content-pos'><div class='av-inner-masonry-content-pos-content'><div class='avia-arrow'><\/div><h3 class='av-masonry-entry-title entry-title '  itemprop=\"headline\" >Bens de consumo<\/h3><\/div><\/div><\/figcaption><\/figure><\/a><!--end av-masonry entry--><a href=\"https:\/\/helicca.com\/pt-pt\/bienes-de-equipo\/\"  aria-label=\"image Equipamentos\"  id='av-masonry-1-item-1532' data-av-masonry-item='1532' class='av-masonry-entry isotope-item post-1532 attachment type-attachment status-inherit hentry  av-masonry-item-with-image' title=\"Equipamentos\" alt=\"\"  data-av-masonry-custom-link=\"https:\/\/helicca.com\/pt-pt\/bienes-de-equipo\/\"  itemprop=\"thumbnailUrl\" ><div class='av-inner-masonry-sizer'><\/div><figure class='av-inner-masonry main_color'><div class=\"av-masonry-outerimage-container\"><div class='av-masonry-image-container lazyload' style=\"background-image:inherit;\"  title=\"Equipamentos\"  data-bg-image=\"url(https:\/\/helicca.com\/wp-content\/uploads\/2025\/04\/4_Bienes_de_Equipo-2-1030x579.png)\"><\/div><\/div><figcaption class='av-inner-masonry-content site-background'><div class='av-inner-masonry-content-pos'><div class='av-inner-masonry-content-pos-content'><div class='avia-arrow'><\/div><h3 class='av-masonry-entry-title entry-title '  itemprop=\"headline\" >Equipamentos<\/h3><\/div><\/div><\/figcaption><\/figure><\/a><!--end av-masonry entry--><a href=\"https:\/\/helicca.com\/pt-pt\/consutrccion\/\"  aria-label=\"image Constru\u00e7\u00e3o\"  id='av-masonry-1-item-1535' data-av-masonry-item='1535' class='av-masonry-entry isotope-item post-1535 attachment type-attachment status-inherit hentry  av-masonry-item-with-image' title=\"Constru\u00e7\u00e3o\" alt=\"\"  data-av-masonry-custom-link=\"https:\/\/helicca.com\/pt-pt\/consutrccion\/\"  itemprop=\"thumbnailUrl\" ><div class='av-inner-masonry-sizer'><\/div><figure class='av-inner-masonry main_color'><div class=\"av-masonry-outerimage-container\"><div class='av-masonry-image-container lazyload' style=\"background-image:inherit;\"  title=\"Constru\u00e7\u00e3o\"  data-bg-image=\"url(https:\/\/helicca.com\/wp-content\/uploads\/2025\/04\/5_Construccion-2-1030x576.png)\"><\/div><\/div><figcaption class='av-inner-masonry-content site-background'><div class='av-inner-masonry-content-pos'><div class='av-inner-masonry-content-pos-content'><div class='avia-arrow'><\/div><h3 class='av-masonry-entry-title entry-title '  itemprop=\"headline\" >Constru\u00e7\u00e3o<\/h3><\/div><\/div><\/figcaption><\/figure><\/a><!--end av-masonry entry--><a href=\"https:\/\/helicca.com\/pt-pt\/ferroviario-y-transporte\/\"  aria-label=\"image Transportes\"  id='av-masonry-1-item-1538' data-av-masonry-item='1538' class='av-masonry-entry isotope-item post-1538 attachment type-attachment status-inherit hentry  av-masonry-item-with-image' title=\"Transportes\" alt=\"\"  data-av-masonry-custom-link=\"https:\/\/helicca.com\/pt-pt\/ferroviario-y-transporte\/\"  itemprop=\"thumbnailUrl\" ><div class='av-inner-masonry-sizer'><\/div><figure class='av-inner-masonry main_color'><div class=\"av-masonry-outerimage-container\"><div class='av-masonry-image-container lazyload' style=\"background-image:inherit;\"  title=\"Transportes\"  data-bg-image=\"url(https:\/\/helicca.com\/wp-content\/uploads\/2025\/04\/6_Ferroviario_y_Transporte.jpg-2-1030x579.png)\"><\/div><\/div><figcaption class='av-inner-masonry-content site-background'><div class='av-inner-masonry-content-pos'><div class='av-inner-masonry-content-pos-content'><div class='avia-arrow'><\/div><h3 class='av-masonry-entry-title entry-title '  itemprop=\"headline\" >Transportes<\/h3><\/div><\/div><\/figcaption><\/figure><\/a><!--end av-masonry entry--><a href=\"https:\/\/helicca.com\/pt-pt\/educacion-y-formacion\/\"  aria-label=\"image Educa\u00e7\u00e3o e forma\u00e7\u00e3o\"  id='av-masonry-1-item-1541' data-av-masonry-item='1541' class='av-masonry-entry isotope-item post-1541 attachment type-attachment status-inherit hentry  av-masonry-item-with-image' title=\"Educa\u00e7\u00e3o e forma\u00e7\u00e3o\" alt=\"\"  data-av-masonry-custom-link=\"https:\/\/helicca.com\/pt-pt\/educacion-y-formacion\/\"  itemprop=\"thumbnailUrl\" ><div class='av-inner-masonry-sizer'><\/div><figure class='av-inner-masonry main_color'><div class=\"av-masonry-outerimage-container\"><div class='av-masonry-image-container lazyload' style=\"background-image:inherit;\"  title=\"Educa\u00e7\u00e3o e forma\u00e7\u00e3o\"  data-bg-image=\"url(https:\/\/helicca.com\/wp-content\/uploads\/2025\/04\/7_Educacion_y_Formacion-2-1030x580.png)\"><\/div><\/div><figcaption class='av-inner-masonry-content site-background'><div class='av-inner-masonry-content-pos'><div class='av-inner-masonry-content-pos-content'><div class='avia-arrow'><\/div><h3 class='av-masonry-entry-title entry-title '  itemprop=\"headline\" >Educa\u00e7\u00e3o e forma\u00e7\u00e3o<\/h3><\/div><\/div><\/figcaption><\/figure><\/a><!--end av-masonry entry--><a href=\"https:\/\/helicca.com\/pt-pt\/juguete-y-juegos\/\"  aria-label=\"image Jogos e brinquedos\"  id='av-masonry-1-item-1544' data-av-masonry-item='1544' class='av-masonry-entry isotope-item post-1544 attachment type-attachment status-inherit hentry  av-masonry-item-with-image' title=\"Jogos e brinquedos\" alt=\"\"  data-av-masonry-custom-link=\"https:\/\/helicca.com\/pt-pt\/juguete-y-juegos\/\"  itemprop=\"thumbnailUrl\" ><div class='av-inner-masonry-sizer'><\/div><figure class='av-inner-masonry main_color'><div class=\"av-masonry-outerimage-container\"><div class='av-masonry-image-container lazyload' style=\"background-image:inherit;\"  title=\"Jogos e brinquedos\"  data-bg-image=\"url(https:\/\/helicca.com\/wp-content\/uploads\/2025\/04\/8_Juguetes_y_Juego-2-1030x579.png)\"><\/div><\/div><figcaption class='av-inner-masonry-content site-background'><div class='av-inner-masonry-content-pos'><div class='av-inner-masonry-content-pos-content'><div class='avia-arrow'><\/div><h3 class='av-masonry-entry-title entry-title '  itemprop=\"headline\" >Jogos e brinquedos<\/h3><\/div><\/div><\/figcaption><\/figure><\/a><!--end av-masonry entry--><a href=\"https:\/\/helicca.com\/pt-pt\/instituciones\/\"  aria-label=\"image Institui\u00e7\u00f5es\"  id='av-masonry-1-item-1547' data-av-masonry-item='1547' class='av-masonry-entry isotope-item post-1547 attachment type-attachment status-inherit hentry  av-masonry-item-with-image' title=\"Institui\u00e7\u00f5es\" alt=\"\"  data-av-masonry-custom-link=\"https:\/\/helicca.com\/pt-pt\/instituciones\/\"  itemprop=\"thumbnailUrl\" ><div class='av-inner-masonry-sizer'><\/div><figure class='av-inner-masonry main_color'><div class=\"av-masonry-outerimage-container\"><div class='av-masonry-image-container lazyload' style=\"background-image:inherit;\"  title=\"Institui\u00e7\u00f5es\"  data-bg-image=\"url(https:\/\/helicca.com\/wp-content\/uploads\/2025\/04\/9_Instituciones-2-1030x579.png)\"><\/div><\/div><figcaption class='av-inner-masonry-content site-background'><div class='av-inner-masonry-content-pos'><div class='av-inner-masonry-content-pos-content'><div class='avia-arrow'><\/div><h3 class='av-masonry-entry-title entry-title '  itemprop=\"headline\" >Institui\u00e7\u00f5es<\/h3><\/div><\/div><\/figcaption><\/figure><\/a><!--end av-masonry entry--><a href=\"https:\/\/helicca.com\/pt-pt\/inmobiliario\/\"  aria-label=\"image Imobili\u00e1rio\"  id='av-masonry-1-item-1550' data-av-masonry-item='1550' class='av-masonry-entry isotope-item post-1550 attachment type-attachment status-inherit hentry  av-masonry-item-with-image' title=\"Imobili\u00e1rio\" alt=\"\"  data-av-masonry-custom-link=\"https:\/\/helicca.com\/pt-pt\/inmobiliario\/\"  itemprop=\"thumbnailUrl\" ><div class='av-inner-masonry-sizer'><\/div><figure class='av-inner-masonry main_color'><div class=\"av-masonry-outerimage-container\"><div class='av-masonry-image-container lazyload' style=\"background-image:inherit;\"  title=\"Imobili\u00e1rio\"  data-bg-image=\"url(https:\/\/helicca.com\/wp-content\/uploads\/2025\/04\/9x_Inmobiliario-2-1030x579.png)\"><\/div><\/div><figcaption class='av-inner-masonry-content site-background'><div class='av-inner-masonry-content-pos'><div class='av-inner-masonry-content-pos-content'><div class='avia-arrow'><\/div><h3 class='av-masonry-entry-title entry-title '  itemprop=\"headline\" >Imobili\u00e1rio<\/h3><\/div><\/div><\/figcaption><\/figure><\/a><!--end av-masonry entry--><a href=\"https:\/\/helicca.com\/pt-pt\/it-medios-y-tecnologia\/\"  aria-label=\"image Tecnologia e media\"  id='av-masonry-1-item-1553' data-av-masonry-item='1553' class='av-masonry-entry isotope-item post-1553 attachment type-attachment status-inherit hentry  av-masonry-item-with-image' title=\"Tecnologia e media\" alt=\"\"  data-av-masonry-custom-link=\"https:\/\/helicca.com\/pt-pt\/it-medios-y-tecnologia\/\"  itemprop=\"thumbnailUrl\" ><div class='av-inner-masonry-sizer'><\/div><figure class='av-inner-masonry main_color'><div class=\"av-masonry-outerimage-container\"><div class='av-masonry-image-container lazyload' style=\"background-image:inherit;\"  title=\"Tecnologia e media\"  data-bg-image=\"url(https:\/\/helicca.com\/wp-content\/uploads\/2025\/04\/10_IT_Medios_Tecnologia-2-1030x581.png)\"><\/div><\/div><figcaption class='av-inner-masonry-content site-background'><div class='av-inner-masonry-content-pos'><div class='av-inner-masonry-content-pos-content'><div class='avia-arrow'><\/div><h3 class='av-masonry-entry-title entry-title '  itemprop=\"headline\" >Tecnologia e media<\/h3><\/div><\/div><\/figcaption><\/figure><\/a><!--end av-masonry entry--><a href=\"https:\/\/helicca.com\/pt-pt\/art-and-luxury\/\"  aria-label=\"image Arte e luxo\"  id='av-masonry-1-item-1556' data-av-masonry-item='1556' class='av-masonry-entry isotope-item post-1556 attachment type-attachment status-inherit hentry  av-masonry-item-with-image' title=\"Arte e luxo\" alt=\"\"  data-av-masonry-custom-link=\"https:\/\/helicca.com\/pt-pt\/art-and-luxury\/\"  itemprop=\"thumbnailUrl\" ><div class='av-inner-masonry-sizer'><\/div><figure class='av-inner-masonry main_color'><div class=\"av-masonry-outerimage-container\"><div class='av-masonry-image-container lazyload' style=\"background-image:inherit;\"  title=\"Arte e luxo\"  data-bg-image=\"url(https:\/\/helicca.com\/wp-content\/uploads\/2025\/04\/11_Arte_y-Lujo-2-1030x544.png)\"><\/div><\/div><figcaption class='av-inner-masonry-content site-background'><div class='av-inner-masonry-content-pos'><div class='av-inner-masonry-content-pos-content'><div class='avia-arrow'><\/div><h3 class='av-masonry-entry-title entry-title '  itemprop=\"headline\" >Arte e luxo<\/h3><\/div><\/div><\/figcaption><\/figure><\/a><!--end av-masonry entry--><a href=\"https:\/\/helicca.com\/pt-pt\/medico-y-farmaceutico\/\"  aria-label=\"image Sa\u00fade e farmac\u00eautica\"  id='av-masonry-1-item-1559' data-av-masonry-item='1559' class='av-masonry-entry isotope-item post-1559 attachment type-attachment status-inherit hentry  av-masonry-item-with-image' title=\"Sa\u00fade e farmac\u00eautica\" alt=\"\"  data-av-masonry-custom-link=\"https:\/\/helicca.com\/pt-pt\/medico-y-farmaceutico\/\"  itemprop=\"thumbnailUrl\" ><div class='av-inner-masonry-sizer'><\/div><figure class='av-inner-masonry main_color'><div class=\"av-masonry-outerimage-container\"><div class='av-masonry-image-container lazyload' style=\"background-image:inherit;\"  title=\"Sa\u00fade e farmac\u00eautica\"  data-bg-image=\"url(https:\/\/helicca.com\/wp-content\/uploads\/2025\/04\/12_Medico_Farmaceutico-2-1030x579.png)\"><\/div><\/div><figcaption class='av-inner-masonry-content site-background'><div class='av-inner-masonry-content-pos'><div class='av-inner-masonry-content-pos-content'><div class='avia-arrow'><\/div><h3 class='av-masonry-entry-title entry-title '  itemprop=\"headline\" >Sa\u00fade e farmac\u00eautica<\/h3><\/div><\/div><\/figcaption><\/figure><\/a><!--end av-masonry entry--><a href=\"https:\/\/helicca.com\/pt-pt\/micromovilidad\/\"  aria-label=\"image Mobilidade suave\"  id='av-masonry-1-item-1562' data-av-masonry-item='1562' class='av-masonry-entry isotope-item post-1562 attachment type-attachment status-inherit hentry  av-masonry-item-with-image' title=\"Mobilidade suave\" alt=\"\"  data-av-masonry-custom-link=\"https:\/\/helicca.com\/pt-pt\/micromovilidad\/\"  itemprop=\"thumbnailUrl\" ><div class='av-inner-masonry-sizer'><\/div><figure class='av-inner-masonry main_color'><div class=\"av-masonry-outerimage-container\"><div class='av-masonry-image-container lazyload' style=\"background-image:inherit;\"  title=\"Mobilidade suave\"  data-bg-image=\"url(https:\/\/helicca.com\/wp-content\/uploads\/2025\/04\/13_Micromovilidad-2-1030x580.png)\"><\/div><\/div><figcaption class='av-inner-masonry-content site-background'><div class='av-inner-masonry-content-pos'><div class='av-inner-masonry-content-pos-content'><div class='avia-arrow'><\/div><h3 class='av-masonry-entry-title entry-title '  itemprop=\"headline\" >Mobilidade suave<\/h3><\/div><\/div><\/figcaption><\/figure><\/a><!--end av-masonry entry--><a href=\"https:\/\/helicca.com\/pt-pt\/ocio-y-entretenimiento\/\"  aria-label=\"image Lazer e entretenimento\"  id='av-masonry-1-item-1565' data-av-masonry-item='1565' class='av-masonry-entry isotope-item post-1565 attachment type-attachment status-inherit hentry  av-masonry-item-with-image' title=\"Lazer e entretenimento\" alt=\"\"  data-av-masonry-custom-link=\"https:\/\/helicca.com\/pt-pt\/ocio-y-entretenimiento\/\"  itemprop=\"thumbnailUrl\" ><div class='av-inner-masonry-sizer'><\/div><figure class='av-inner-masonry main_color'><div class=\"av-masonry-outerimage-container\"><div class='av-masonry-image-container lazyload' style=\"background-image:inherit;\"  title=\"Lazer e entretenimento\"  data-bg-image=\"url(https:\/\/helicca.com\/wp-content\/uploads\/2025\/04\/14_Entretenimiento_Ocio-2-1030x579.png)\"><\/div><\/div><figcaption class='av-inner-masonry-content site-background'><div class='av-inner-masonry-content-pos'><div class='av-inner-masonry-content-pos-content'><div class='avia-arrow'><\/div><h3 class='av-masonry-entry-title entry-title '  itemprop=\"headline\" >Lazer e entretenimento<\/h3><\/div><\/div><\/figcaption><\/figure><\/a><!--end av-masonry entry--><a href=\"https:\/\/helicca.com\/pt-pt\/packaging-y-embalaje\/\"  aria-label=\"image Embalagens\"  id='av-masonry-1-item-1568' data-av-masonry-item='1568' class='av-masonry-entry isotope-item post-1568 attachment type-attachment status-inherit hentry  av-masonry-item-with-image' title=\"Embalagens\" alt=\"\"  data-av-masonry-custom-link=\"https:\/\/helicca.com\/pt-pt\/packaging-y-embalaje\/\"  itemprop=\"thumbnailUrl\" ><div class='av-inner-masonry-sizer'><\/div><figure class='av-inner-masonry main_color'><div class=\"av-masonry-outerimage-container\"><div class='av-masonry-image-container lazyload' style=\"background-image:inherit;\"  title=\"Embalagens\"  data-bg-image=\"url(https:\/\/helicca.com\/wp-content\/uploads\/2025\/04\/15_Embalaje_Packaging-2-1030x575.png)\"><\/div><\/div><figcaption class='av-inner-masonry-content site-background'><div class='av-inner-masonry-content-pos'><div class='av-inner-masonry-content-pos-content'><div class='avia-arrow'><\/div><h3 class='av-masonry-entry-title entry-title '  itemprop=\"headline\" >Embalagens<\/h3><\/div><\/div><\/figcaption><\/figure><\/a><!--end av-masonry entry--><a href=\"https:\/\/helicca.com\/pt-pt\/banca\/\"  aria-label=\"image Banca e servi\u00e7os\"  id='av-masonry-1-item-1571' data-av-masonry-item='1571' class='av-masonry-entry isotope-item post-1571 attachment type-attachment status-inherit hentry  av-masonry-item-with-image' title=\"Banca e servi\u00e7os\" alt=\"\"  data-av-masonry-custom-link=\"https:\/\/helicca.com\/pt-pt\/banca\/\"  itemprop=\"thumbnailUrl\" ><div class='av-inner-masonry-sizer'><\/div><figure class='av-inner-masonry main_color'><div class=\"av-masonry-outerimage-container\"><div class='av-masonry-image-container lazyload' style=\"background-image:inherit;\"  title=\"Banca e servi\u00e7os\"  data-bg-image=\"url(https:\/\/helicca.com\/wp-content\/uploads\/2025\/04\/16_Banca_y_Servicios-2-1030x578.png)\"><\/div><\/div><figcaption class='av-inner-masonry-content site-background'><div class='av-inner-masonry-content-pos'><div class='av-inner-masonry-content-pos-content'><div class='avia-arrow'><\/div><h3 class='av-masonry-entry-title entry-title '  itemprop=\"headline\" >Banca e servi\u00e7os<\/h3><\/div><\/div><\/figcaption><\/figure><\/a><!--end av-masonry entry--><a href=\"https:\/\/helicca.com\/pt-pt\/turismo-y-viajes\/\"  aria-label=\"image Turismo e viagens\"  id='av-masonry-1-item-1574' data-av-masonry-item='1574' class='av-masonry-entry isotope-item post-1574 attachment type-attachment status-inherit hentry  av-masonry-item-with-image' title=\"Turismo e viagens\" alt=\"\"  data-av-masonry-custom-link=\"https:\/\/helicca.com\/pt-pt\/turismo-y-viajes\/\"  itemprop=\"thumbnailUrl\" ><div class='av-inner-masonry-sizer'><\/div><figure class='av-inner-masonry main_color'><div class=\"av-masonry-outerimage-container\"><div class='av-masonry-image-container lazyload' style=\"background-image:inherit;\"  title=\"Turismo e viagens\"  data-bg-image=\"url(https:\/\/helicca.com\/wp-content\/uploads\/2025\/04\/17_Turismo_y_Viajes-2-1030x577.png)\"><\/div><\/div><figcaption class='av-inner-masonry-content site-background'><div class='av-inner-masonry-content-pos'><div class='av-inner-masonry-content-pos-content'><div class='avia-arrow'><\/div><h3 class='av-masonry-entry-title entry-title '  itemprop=\"headline\" >Turismo e viagens<\/h3><\/div><\/div><\/figcaption><\/figure><\/a><!--end av-masonry entry--><a href=\"https:\/\/helicca.com\/pt-pt\/utilities-y-telecom\/\"  aria-label=\"image Utilities e telecomunica\u00e7\u00f5es\"  id='av-masonry-1-item-1577' data-av-masonry-item='1577' class='av-masonry-entry isotope-item post-1577 attachment type-attachment status-inherit hentry  av-masonry-item-with-image' title=\"Utilities e telecomunica\u00e7\u00f5es\" alt=\"\"  data-av-masonry-custom-link=\"https:\/\/helicca.com\/pt-pt\/utilities-y-telecom\/\"  itemprop=\"thumbnailUrl\" ><div class='av-inner-masonry-sizer'><\/div><figure class='av-inner-masonry main_color'><div class=\"av-masonry-outerimage-container\"><div class='av-masonry-image-container lazyload' style=\"background-image:inherit;\"  title=\"Utilities e telecomunica\u00e7\u00f5es\"  data-bg-image=\"url(https:\/\/helicca.com\/wp-content\/uploads\/2025\/04\/18_Utilities-y-Telecom-2-1030x551.png)\"><\/div><\/div><figcaption class='av-inner-masonry-content site-background'><div class='av-inner-masonry-content-pos'><div class='av-inner-masonry-content-pos-content'><div class='avia-arrow'><\/div><h3 class='av-masonry-entry-title entry-title '  itemprop=\"headline\" >Utilities e telecomunica\u00e7\u00f5es<\/h3><\/div><\/div><\/figcaption><\/figure><\/a><!--end av-masonry entry--><\/div><\/div>\n<div id='av-layout-grid-1'  class='av-layout-grid-container av-7ds1-b58536f639d7e669a9a72bff033ad1e5 entry-content-wrapper main_color av-flex-cells  avia-builder-el-1  el_after_av_masonry_gallery  avia-builder-el-last  grid-row-not-first  container_wrap sidebar_right'  >\n<div class='flex_cell av-1913p-af6d84fb9f3b91bd6615fc2dbdaeffc4 av-gridrow-cell av_one_full no_margin  avia-builder-el-2  avia-builder-el-no-sibling '  ><div class='flex_cell_inner'>\n<style type=\"text\/css\" data-created_by=\"avia_inline_auto\" id=\"style-css-av-rpq1-2ada59722b42b0f6525b53e1960bfff1\">\n#top .hr.hr-invisible.av-rpq1-2ada59722b42b0f6525b53e1960bfff1{\nheight:60px;\n}\n<\/style>\n<div  class='hr av-rpq1-2ada59722b42b0f6525b53e1960bfff1 hr-invisible  avia-builder-el-3  avia-builder-el-no-sibling '><span class='hr-inner '><span class=\"hr-inner-style\"><\/span><\/span><\/div>\n<\/div><\/div>\n<\/div>\n","protected":false},"excerpt":{"rendered":"","protected":false},"author":1,"featured_media":0,"parent":0,"menu_order":0,"comment_status":"closed","ping_status":"closed","template":"","meta":{"footnotes":""},"class_list":["post-1517","page","type-page","status-publish","hentry"],"_links":{"self":[{"href":"https:\/\/helicca.com\/pt-pt\/wp-json\/wp\/v2\/pages\/1517","targetHints":{"allow":["GET"]}}],"collection":[{"href":"https:\/\/helicca.com\/pt-pt\/wp-json\/wp\/v2\/pages"}],"about":[{"href":"https:\/\/helicca.com\/pt-pt\/wp-json\/wp\/v2\/types\/page"}],"author":[{"embeddable":true,"href":"https:\/\/helicca.com\/pt-pt\/wp-json\/wp\/v2\/users\/1"}],"replies":[{"embeddable":true,"href":"https:\/\/helicca.com\/pt-pt\/wp-json\/wp\/v2\/comments?post=1517"}],"version-history":[{"count":4,"href":"https:\/\/helicca.com\/pt-pt\/wp-json\/wp\/v2\/pages\/1517\/revisions"}],"predecessor-version":[{"id":1729,"href":"https:\/\/helicca.com\/pt-pt\/wp-json\/wp\/v2\/pages\/1517\/revisions\/1729"}],"wp:attachment":[{"href":"https:\/\/helicca.com\/pt-pt\/wp-json\/wp\/v2\/media?parent=1517"}],"curies":[{"name":"wp","href":"https:\/\/api.w.org\/{rel}","templated":true}]}}